{"id":92,"date":"2018-11-02T13:25:42","date_gmt":"2018-11-02T12:25:42","guid":{"rendered":"http:\/\/www.clairesimon.fr\/2018\/?page_id=92"},"modified":"2018-11-12T11:30:23","modified_gmt":"2018-11-12T10:30:23","slug":"garedunord","status":"publish","type":"page","link":"http:\/\/clairesimon.fr\/fr_fr\/garedunord\/","title":{"rendered":"gare du nord"},"content":{"rendered":"\t\t<div class=\"elementor elementor-92\">\n\t\t\t<div class=\"elementor-inner\">\n\t\t\t\t<div class=\"elementor-section-wrap\">\n\t\t\t\t\t\t\t<section data-id=\"2d37be55\" class=\"elementor-element elementor-element-2d37be55 elementor-section-boxed elementor-section-height-default elementor-section-height-default elementor-section elementor-top-section\" data-element_type=\"section\">\n\t\t\t\t\t\t<div class=\"elementor-container elementor-column-gap-default\">\n\t\t\t\t<div class=\"elementor-row\">\n\t\t\t\t<div data-id=\"5605aea7\" class=\"elementor-element elementor-element-5605aea7 elementor-column elementor-col-100 elementor-top-column\" data-element_type=\"column\">\n\t\t\t<div class=\"elementor-column-wrap elementor-element-populated\">\n\t\t\t\t\t<div class=\"elementor-widget-wrap\">\n\t\t\t\t<div data-id=\"6b76b404\" class=\"elementor-element elementor-element-6b76b404 elementor-widget elementor-widget-text-editor\" data-element_type=\"text-editor.default\">\n\t\t\t\t<div class=\"elementor-widget-container\">\n\t\t\t\t\t<div class=\"elementor-text-editor elementor-clearfix\"><p><img loading=\"lazy\" decoding=\"async\" class=\"alignnone size-large wp-image-182\" src=\"http:\/\/www.clairesimon.fr\/2018\/wp-content\/uploads\/2018\/11\/GdN-FLYER-R\u00af-715x1024.jpg\" alt=\"\" width=\"525\" height=\"752\" srcset=\"http:\/\/clairesimon.fr\/wp-content\/uploads\/2018\/11\/GdN-FLYER-R\u00af-715x1024.jpg 715w, http:\/\/clairesimon.fr\/wp-content\/uploads\/2018\/11\/GdN-FLYER-R\u00af-209x300.jpg 209w, http:\/\/clairesimon.fr\/wp-content\/uploads\/2018\/11\/GdN-FLYER-R\u00af-768x1100.jpg 768w, http:\/\/clairesimon.fr\/wp-content\/uploads\/2018\/11\/GdN-FLYER-R\u00af.jpg 1772w\" sizes=\"(max-width: 525px) 100vw, 525px\" \/><\/p><p>Plusieurs personnages se croisent, se rencontrent et se parlent dans la\u00a0Gare du Nord\u00a0\u00e0\u00a0Paris. Isma\u00ebl questionne les voyageurs de la\u00a0RATP\u00a0pour gagner sa vie en dehors de sa th\u00e8se de\u00a0sociologie, qui porte sur la gare. Il rencontre Mathilde, professeur d&rsquo;histoire, avec qui il va pr\u00e9senter les diff\u00e9rents protagonistes qui passent et vivent \u00e0 la gare. Pendant ce temps, Sacha recherche sa fille disparue, et Joan, ancienne \u00e9tudiante de Mathilde, erre entre\u00a0Paris,\u00a0Londres\u00a0et\u00a0Lille.<\/p><\/div>\n\t\t\t\t<\/div>\n\t\t\t\t<\/div>\n\t\t\t\t\t\t<\/div>\n\t\t\t<\/div>\n\t\t<\/div>\n\t\t\t\t\t\t<\/div>\n\t\t\t<\/div>\n\t\t<\/section>\n\t\t\t\t<section data-id=\"d1894c5\" class=\"elementor-element elementor-element-d1894c5 elementor-section-boxed elementor-section-height-default elementor-section-height-default elementor-section elementor-top-section\" data-element_type=\"section\">\n\t\t\t\t\t\t<div class=\"elementor-container elementor-column-gap-default\">\n\t\t\t\t<div class=\"elementor-row\">\n\t\t\t\t<div data-id=\"c85a37e\" class=\"elementor-element elementor-element-c85a37e elementor-column elementor-col-100 elementor-top-column\" data-element_type=\"column\">\n\t\t\t<div class=\"elementor-column-wrap elementor-element-populated\">\n\t\t\t\t\t<div class=\"elementor-widget-wrap\">\n\t\t\t\t<div data-id=\"dd2ee3d\" class=\"elementor-element elementor-element-dd2ee3d elementor-aspect-ratio-169 elementor-widget elementor-widget-video\" data-settings=\"{&quot;aspect_ratio&quot;:&quot;169&quot;}\" data-element_type=\"video.default\">\n\t\t\t\t<div class=\"elementor-widget-container\">\n\t\t\t\t\t<div class=\"elementor-wrapper elementor-fit-aspect-ratio elementor-open-inline\">\n\t\t\t<iframe class=\"elementor-video-iframe\" allowfullscreen src=\"https:\/\/www.youtube.com\/embed\/bpMudPLh21M?feature=oembed&amp;start&amp;end&amp;wmode=opaque&amp;loop=0&amp;controls=1&amp;mute=0&amp;showinfo=1&amp;rel=0&amp;modestbranding=0\"><\/iframe>\t\t<\/div>\n\t\t\t\t<\/div>\n\t\t\t\t<\/div>\n\t\t\t\t\t\t<\/div>\n\t\t\t<\/div>\n\t\t<\/div>\n\t\t\t\t\t\t<\/div>\n\t\t\t<\/div>\n\t\t<\/section>\n\t\t\t\t<section data-id=\"37c90f8\" class=\"elementor-element elementor-element-37c90f8 elementor-section-boxed elementor-section-height-default elementor-section-height-default elementor-section elementor-top-section\" data-element_type=\"section\">\n\t\t\t\t\t\t<div class=\"elementor-container elementor-column-gap-default\">\n\t\t\t\t<div class=\"elementor-row\">\n\t\t\t\t<div data-id=\"283acf8\" class=\"elementor-element elementor-element-283acf8 elementor-column elementor-col-100 elementor-top-column\" data-element_type=\"column\">\n\t\t\t<div class=\"elementor-column-wrap elementor-element-populated\">\n\t\t\t\t\t<div class=\"elementor-widget-wrap\">\n\t\t\t\t<div data-id=\"d6e3c9c\" class=\"elementor-element elementor-element-d6e3c9c elementor-widget elementor-widget-button\" data-element_type=\"button.default\">\n\t\t\t\t<div class=\"elementor-widget-container\">\n\t\t\t\t\t<div class=\"elementor-button-wrapper\">\n\t\t\t<a href=\"http:\/\/www.garedunord.net\/\" class=\"elementor-button-link elementor-button elementor-size-sm\" target=\"_blank\" role=\"button\">\n\t\t\t\t\t\t<span class=\"elementor-button-content-wrapper\">\n\t\t\t\t\t\t<span class=\"elementor-button-icon elementor-align-icon-left\">\n\t\t\t\t<i class=\"fa fa-train\" aria-hidden=\"true\"><\/i>\n\t\t\t<\/span>\n\t\t\t\t\t\t<span class=\"elementor-button-text\">GARE DU NORD \/ UN VOYAGE EN LIGNE <\/span>\n\t\t<\/span>\n\t\t\t\t\t<\/a>\n\t\t<\/div>\n\t\t\t\t<\/div>\n\t\t\t\t<\/div>\n\t\t\t\t\t\t<\/div>\n\t\t\t<\/div>\n\t\t<\/div>\n\t\t\t\t\t\t<\/div>\n\t\t\t<\/div>\n\t\t<\/section>\n\t\t\t\t\t\t<\/div>\n\t\t\t<\/div>\n\t\t<\/div>\n\t\t","protected":false},"excerpt":{"rendered":"<p>Plusieurs personnages se croisent, se rencontrent et se parlent dans la\u00a0Gare du Nord\u00a0\u00e0\u00a0Paris. Isma\u00ebl questionne les voyageurs de la\u00a0RATP\u00a0pour gagner sa vie en dehors de sa th\u00e8se de\u00a0sociologie, qui porte sur la gare. Il rencontre Mathilde, professeur d&rsquo;histoire, avec qui il va pr\u00e9senter les diff\u00e9rents protagonistes qui passent et vivent \u00e0 la gare. Pendant ce &hellip; <\/p>\n<p class=\"link-more\"><a href=\"http:\/\/clairesimon.fr\/fr_fr\/garedunord\/\" class=\"more-link\">Continuer la lecture<span class=\"screen-reader-text\"> de &laquo;&nbsp;gare du nord&nbsp;&raquo;<\/span><\/a><\/p>\n","protected":false},"author":1,"featured_media":0,"parent":0,"menu_order":0,"comment_status":"closed","ping_status":"closed","template":"","meta":{"footnotes":""},"_links":{"self":[{"href":"http:\/\/clairesimon.fr\/fr_fr\/wp-json\/wp\/v2\/pages\/92"}],"collection":[{"href":"http:\/\/clairesimon.fr\/fr_fr\/wp-json\/wp\/v2\/pages"}],"about":[{"href":"http:\/\/clairesimon.fr\/fr_fr\/wp-json\/wp\/v2\/types\/page"}],"author":[{"embeddable":true,"href":"http:\/\/clairesimon.fr\/fr_fr\/wp-json\/wp\/v2\/users\/1"}],"replies":[{"embeddable":true,"href":"http:\/\/clairesimon.fr\/fr_fr\/wp-json\/wp\/v2\/comments?post=92"}],"version-history":[{"count":6,"href":"http:\/\/clairesimon.fr\/fr_fr\/wp-json\/wp\/v2\/pages\/92\/revisions"}],"predecessor-version":[{"id":183,"href":"http:\/\/clairesimon.fr\/fr_fr\/wp-json\/wp\/v2\/pages\/92\/revisions\/183"}],"wp:attachment":[{"href":"http:\/\/clairesimon.fr\/fr_fr\/wp-json\/wp\/v2\/media?parent=92"}],"curies":[{"name":"wp","href":"https:\/\/api.w.org\/{rel}","templated":true}]}}