{"id":9,"date":"2018-10-22T11:13:22","date_gmt":"2018-10-22T09:13:22","guid":{"rendered":"http:\/\/www.clairesimon.fr\/2018\/?page_id=9"},"modified":"2024-05-04T20:52:19","modified_gmt":"2024-05-04T18:52:19","slug":"a-propos-de","status":"publish","type":"page","link":"http:\/\/clairesimon.fr\/fr_fr\/a-propos-de\/","title":{"rendered":"Bio"},"content":{"rendered":"\t\t<div class=\"elementor elementor-9\">\n\t\t\t<div class=\"elementor-inner\">\n\t\t\t\t<div class=\"elementor-section-wrap\">\n\t\t\t\t\t\t\t<section data-id=\"243671e4\" class=\"elementor-element elementor-element-243671e4 elementor-section-boxed elementor-section-height-default elementor-section-height-default elementor-section elementor-top-section\" data-element_type=\"section\">\n\t\t\t\t\t\t<div class=\"elementor-container elementor-column-gap-default\">\n\t\t\t\t<div class=\"elementor-row\">\n\t\t\t\t<div data-id=\"5d828f21\" class=\"elementor-element elementor-element-5d828f21 elementor-column elementor-col-100 elementor-top-column\" data-element_type=\"column\">\n\t\t\t<div class=\"elementor-column-wrap elementor-element-populated\">\n\t\t\t\t\t<div class=\"elementor-widget-wrap\">\n\t\t\t\t<div data-id=\"48550bd6\" class=\"elementor-element elementor-element-48550bd6 elementor-widget elementor-widget-text-editor\" data-element_type=\"text-editor.default\">\n\t\t\t\t<div class=\"elementor-widget-container\">\n\t\t\t\t\t<div class=\"elementor-text-editor elementor-clearfix\"><p style=\"margin-bottom: 0cm;\" align=\"JUSTIFY\">Claire Simon est n\u00e9e en Grande-Bretagne, et passe la majeure partie de son enfance dans le Var. \u00c9tudiante en ethnologie, arabe et berb\u00e8re, elle d\u00e9croche des stages de montage gr\u00e2ce \u00e0 la Cin\u00e9math\u00e8que d\u2019Alger. Elle tourne ses premiers courts m\u00e9trages en autodidacte d\u00e9but 80. Son passage aux Ateliers Varan se r\u00e9v\u00e8le d\u00e9cisif : elle y d\u00e9couvre les vertus du cin\u00e9ma direct. Parall\u00e8lement \u00e0 son travail de monteuse, elle r\u00e9alise plusieurs courts m\u00e9trages, dont LA POLICE, prim\u00e9 au Festival de Belfort.<\/p><p style=\"margin-bottom: 0cm;\" align=\"JUSTIFY\">\u00a0<\/p><p style=\"margin-bottom: 0cm;\" align=\"JUSTIFY\"><span style=\"font-size: 1rem;\">En 1991, Claire Simon signe pour le petit \u00e9cran une s\u00e9rie de fiction remarqu\u00e9e, SCENES DE MENAGE, dans laquelle une femme au foyer (Miou-Miou) accomplit une t\u00e2che domestique en pensant tout haut \u00e0 sa vie conjugale.<\/span><\/p><p style=\"margin-bottom: 0cm;\" align=\"JUSTIFY\"><span style=\"font-size: 1rem;\">\u00a0<\/span><\/p><p style=\"margin-bottom: 0cm;\">Un an plus tard, avec RECREATIONS, documentaire, elle filme les com\u00e9dies humaines dans la cour de r\u00e9cr\u00e9ation d\u2019une \u00e9cole maternelle et le film sortira en salles en 1997. Entre-temps, la cin\u00e9aste s\u2019est fait un nom dans le monde du documentaire gr\u00e2ce \u00e0 COUTE QUE COUTE, chronique du combat et de la chute d\u2019une petite entreprise de plats cuisin\u00e9s.<\/p><p style=\"margin-bottom: 0cm;\" align=\"JUSTIFY\"><span style=\"font-size: 1rem;\">\u00a0<\/span><\/p><p style=\"margin-bottom: 0cm;\">En 1997, elle r\u00e9alise son premier long m\u00e9trage de fiction, SINON, OUI, inspir\u00e9 d\u2019une histoire vraie, celle d\u2019une femme qui s\u2019invente une grossesse et vole un enfant.<\/p><p style=\"margin-bottom: 0cm;\">\u00a0<\/p><p style=\"margin-bottom: 0cm;\">Apr\u00e8s ce film pr\u00e9sent\u00e9 \u00e0 Cannes \u00e0 la Quinzaine des R\u00e9alisateurs, elle tourne pour la t\u00e9l\u00e9vision, avec les \u00e9l\u00e8ves du TNS, \u00c7a c\u2019est vraiment toi m\u00ealant documentaire et fiction au Parlement europ\u00e9en. Grand prix fiction et documentaire du festival de Belfort.<\/p><p style=\"margin-bottom: 0cm;\">\u00a0<\/p><p style=\"margin-bottom: 0cm;\">S\u2019emparant de r\u00e9cits authentiques, qui t\u00e9moignent de son go\u00fbt pour le romanesque, elle filme le flirt de sa fille de 15ans (800 km de diff\u00e9rence) et le roman d\u2019une vie (MIMI) Berlin 2004. Elle revient en 2006 sur le terrain de la fiction pure avec \u00c7a br\u00fble (pr\u00e9sent\u00e9e \u00e0 la Quinzaine des R\u00e9alisateurs), autour d\u2019une ado rebelle vouant un amour br\u00fblant \u00e0 un pompier. Elle r\u00e9alise en 2008 LES BUREAUX DE DIEU, o\u00f9 des actrices c\u00e9l\u00e8bres incarnent les conseill\u00e8res du planning familial. ( avec Nathalie Baye Nicole Garcia Isabelle Carr\u00e9 Michel Boujenah etc, Grand prix de la SACD \u00e0 la Quinzaine des R\u00e9alisateurs \u00e0 Cannes),\u00a0tra\u00e7ant une maigre fronti\u00e8re entre documentaire et fiction.<\/p><p style=\"margin-bottom: 0cm;\">\u00a0<\/p><p>On retrouve cette caract\u00e9ristique dans \u00a0GARE DU NORD (2013 avec\u00a0 Nicole Garcia, Fran\u00e7ois Damiens, Reda Kateb, Monia Chokri ) et GEOGRAPHIE HUMAINE ( documentaire) l\u2019occasion pour la cin\u00e9aste de comparer notre passage sur terre \u00e0 un passage dans une gare.\u00a0<span style=\"font-size: 1rem;\">Dans son documentaire tr\u00e8s remarqu\u00e9 LE BOIS DONT LES REVES SONT FAITS (2015), Claire Simon filme le Bois de Vincennes comme la forme accessible d\u2019un paradis perdu, un lieu dans lequel chacun vient trouver refuge et invente son utopie. Le film est nomin\u00e9 pour le Prix Louis-Delluc 2016.<\/span><\/p><p>LE CONCOURS (2016), re\u00e7oit \u00a0le Prix du meilleur documentaire cin\u00e9ma \u00e0 la Biennale de Venise 2016.<br \/><span style=\"font-size: 1rem;\">Il est sorti aux \u00c9tats-Unis chez Metrograph.<\/span><\/p><p><span style=\"font-size: 1rem;\">PREMIERES SOLITUDES (2017) a \u00e9t\u00e9 pr\u00e9sent\u00e9 au Forum de la Berlinale 2018. Un portrait dr\u00f4le et malicieux qui fait voler en \u00e9clats tous les clich\u00e9s sur les adolescents d&rsquo;aujourd&rsquo;hui.<\/span><\/p><p><span style=\"font-size: 1rem;\">Une s\u00e9rie documentaire LE VILLAGE 9X 52&prime; ou 18 X30. Neuf heures de suspense autour du documentaire et de l&rsquo;agriculture dans un petit village ard\u00e9chois. Elle r\u00e9alise un long m\u00e9trage documentaire \u00e0 partir de la s\u00e9rie LE FILS DE L\u2019EPICIERE , LE MAIRE, LE VILLAGE ET LE MONDE, pr\u00e9sent\u00e9 \u00e0 l&rsquo;IDFA.<\/span><\/p><p><span style=\"font-size: 1rem;\">Pendant le confinement, elle r\u00e9alise un documentaire pour la t\u00e9l\u00e9vision \u00ab\u00a0Garage des moteurs et des hommes\u00a0\u00bb et pr\u00e9pare un long m\u00e9trage VOUS EN DESIEREZ QU EMOI, pr\u00e9sent\u00e9 au festival de San Sebatian, sur l&rsquo;amour entre Marguerite Duras et Yann Andrea, de 38 ans son cadet. Un film sur la soumission.<\/span><\/p><p style=\"margin-bottom: 0cm;\">\u00a0<\/p><p style=\"margin-bottom: 0cm;\">Ensuite, elle a r\u00e9alis\u00e9 NOTRE CORPS, un documentaire qui a ouvert le Forum \u00e0 la Berlinale, sorti \u00e9galement aux \u00c9tats-Unis et qui a remport\u00e9 de nombreux prix. Dans le service gyn\u00e9cologique d&rsquo;un h\u00f4pital fran\u00e7ais, elle dessine l&rsquo;\u00e9pop\u00e9e du corps des femmes, de la jeunesse \u00e0 la vieillesse, et malheureusement elle devient elle-m\u00eame aussi une patiente.<\/p><p style=\"margin-bottom: 0cm;\">\u00a0<\/p><p style=\"margin-bottom: 0cm;\">En 2023, elle revient aux enfants avec un film sur une \u00e9cole primaire de la banlieue parisienne qui montre l&rsquo;extraordinaire d\u00e9sir d&rsquo;apprendre des enfants et l&rsquo;incroyable g\u00e9nie des enseignants.\u00a0APPRENDRE est s\u00e9lectionn\u00e9 au Festival de Cannes en s\u00e9ance Sp\u00e9ciale 2024.<\/p><p style=\"margin-bottom: 0cm;\">\u00a0<\/p><p style=\"margin-bottom: 0cm;\"><u>Filmographie\u00a0:<\/u><\/p><p style=\"margin-bottom: 0cm;\">2024 APPRENDRE<\/p><p style=\"margin-bottom: 0cm;\">2022 NOTRE CORPS<\/p><p style=\"margin-bottom: 0cm;\">2021 VOUS NE DESIREZ QUE MOI fiction<\/p><p style=\"margin-bottom: 0cm;\">2021 GARAGE DES MOTEIRS ET DES HOMMES<\/p><p style=\"margin-bottom: 0cm;\">2020 LE FILS DE L\u2019EPICIERE LE MAIRE LE VILLAGE ET LE MONDE<\/p><p style=\"margin-bottom: 0cm;\">2019 LE VILLAGE s\u00e9rie documentaire<\/p><p style=\"margin-bottom: 0cm;\">2017 PREMERES SOLITUDES<\/p><p style=\"margin-bottom: 0cm;\">2016 LE CONCOURS<\/p><p style=\"margin-bottom: 0cm;\">2015 LE BOIS DONT LES REVES SONT FAITS<\/p><p style=\"margin-bottom: 0cm;\">2013 GARE DU NORD fiction<\/p><p style=\"margin-bottom: 0cm;\">2013 GEOGRAPHIE HUMAINE<\/p><p style=\"margin-bottom: 0cm;\">2008 LES BUREAUX DE DIEU fiction<\/p><p style=\"margin-bottom: 0cm;\">2006 CA BRULE fiction<\/p><p style=\"margin-bottom: 0cm;\">2002 MIMI<\/p><p style=\"margin-bottom: 0cm;\">2001\u00a0800KM DE DIFFERENCE<\/p><p style=\"margin-bottom: 0cm;\">1997 SINON OUI fiction<\/p><p style=\"margin-bottom: 0cm;\">1995 COUTE QUE COUTE<\/p><p style=\"margin-bottom: 0cm;\">1992 RECREATIONS<\/p><p style=\"margin-bottom: 0cm;\">1991 SCENES DE MENAGE (10 CM) fiction<\/p><p style=\"margin-bottom: 0cm;\">1988 LA POLICE CM fiction<\/p><p style=\"margin-bottom: 0cm;\">1982 TANDIS QUE J\u2019AGONISE CM fiction<br \/><span style=\"font-size: 1rem;\">1981 MOI NON OU L\u2019ARGENT DE PATRICIA<\/span><\/p><\/div>\n\t\t\t\t<\/div>\n\t\t\t\t<\/div>\n\t\t\t\t\t\t<\/div>\n\t\t\t<\/div>\n\t\t<\/div>\n\t\t\t\t\t\t<\/div>\n\t\t\t<\/div>\n\t\t<\/section>\n\t\t\t\t\t\t<\/div>\n\t\t\t<\/div>\n\t\t<\/div>\n\t\t","protected":false},"excerpt":{"rendered":"<p>Claire Simon est n\u00e9e en Grande-Bretagne, et passe la majeure partie de son enfance dans le Var. \u00c9tudiante en ethnologie, arabe et berb\u00e8re, elle d\u00e9croche des stages de montage gr\u00e2ce \u00e0 la Cin\u00e9math\u00e8que d\u2019Alger. Elle tourne ses premiers courts m\u00e9trages en autodidacte d\u00e9but 80. Son passage aux Ateliers Varan se r\u00e9v\u00e8le d\u00e9cisif : elle y &hellip; <\/p>\n<p class=\"link-more\"><a href=\"http:\/\/clairesimon.fr\/fr_fr\/a-propos-de\/\" class=\"more-link\">Continuer la lecture<span class=\"screen-reader-text\"> de &laquo;&nbsp;Bio&nbsp;&raquo;<\/span><\/a><\/p>\n","protected":false},"author":1,"featured_media":0,"parent":0,"menu_order":0,"comment_status":"closed","ping_status":"closed","template":"","meta":{"footnotes":""},"_links":{"self":[{"href":"http:\/\/clairesimon.fr\/fr_fr\/wp-json\/wp\/v2\/pages\/9"}],"collection":[{"href":"http:\/\/clairesimon.fr\/fr_fr\/wp-json\/wp\/v2\/pages"}],"about":[{"href":"http:\/\/clairesimon.fr\/fr_fr\/wp-json\/wp\/v2\/types\/page"}],"author":[{"embeddable":true,"href":"http:\/\/clairesimon.fr\/fr_fr\/wp-json\/wp\/v2\/users\/1"}],"replies":[{"embeddable":true,"href":"http:\/\/clairesimon.fr\/fr_fr\/wp-json\/wp\/v2\/comments?post=9"}],"version-history":[{"count":11,"href":"http:\/\/clairesimon.fr\/fr_fr\/wp-json\/wp\/v2\/pages\/9\/revisions"}],"predecessor-version":[{"id":374,"href":"http:\/\/clairesimon.fr\/fr_fr\/wp-json\/wp\/v2\/pages\/9\/revisions\/374"}],"wp:attachment":[{"href":"http:\/\/clairesimon.fr\/fr_fr\/wp-json\/wp\/v2\/media?parent=9"}],"curies":[{"name":"wp","href":"https:\/\/api.w.org\/{rel}","templated":true}]}}