{"id":8,"date":"2018-10-22T11:13:22","date_gmt":"2018-10-22T09:13:22","guid":{"rendered":"http:\/\/www.clairesimon.fr\/2018\/?page_id=8"},"modified":"2018-11-13T12:12:00","modified_gmt":"2018-11-13T11:12:00","slug":"accueil","status":"publish","type":"page","link":"http:\/\/clairesimon.fr\/fr_fr\/","title":{"rendered":"Accueil"},"content":{"rendered":"\t\t<div class=\"elementor elementor-8\">\n\t\t\t<div class=\"elementor-inner\">\n\t\t\t\t<div class=\"elementor-section-wrap\">\n\t\t\t\t\t\t\t<section data-id=\"7635cdbb\" class=\"elementor-element elementor-element-7635cdbb elementor-section-boxed elementor-section-height-default elementor-section-height-default elementor-section elementor-top-section\" data-element_type=\"section\">\n\t\t\t\t\t\t<div class=\"elementor-container elementor-column-gap-default\">\n\t\t\t\t<div class=\"elementor-row\">\n\t\t\t\t<div data-id=\"69c538b3\" class=\"elementor-element elementor-element-69c538b3 elementor-column elementor-col-100 elementor-top-column\" data-element_type=\"column\">\n\t\t\t<div class=\"elementor-column-wrap elementor-element-populated\">\n\t\t\t\t\t<div class=\"elementor-widget-wrap\">\n\t\t\t\t<div data-id=\"4e1b2181\" class=\"elementor-element elementor-element-4e1b2181 elementor-widget elementor-widget-text-editor\" data-element_type=\"text-editor.default\">\n\t\t\t\t<div class=\"elementor-widget-container\">\n\t\t\t\t\t<div class=\"elementor-text-editor elementor-clearfix\"><p>Filmer c\u2019est croire en la r\u00e9v\u00e9lation du cin\u00e9ma,\u00a0<br \/>la r\u00e9v\u00e9lation la plus simple et la plus radicale :<br \/>que le pr\u00e9sent se transforme en pr\u00e9sence,<br \/>qu\u2019une action devient une histoire,\u00a0<br \/>qu\u2019un humain devient un h\u00e9ros,<br \/>qu\u2019un endroit devient lieu.<\/p><\/div>\n\t\t\t\t<\/div>\n\t\t\t\t<\/div>\n\t\t\t\t\t\t<\/div>\n\t\t\t<\/div>\n\t\t<\/div>\n\t\t\t\t\t\t<\/div>\n\t\t\t<\/div>\n\t\t<\/section>\n\t\t\t\t\t\t<\/div>\n\t\t\t<\/div>\n\t\t<\/div>\n\t\t","protected":false},"excerpt":{"rendered":"<p>Filmer c\u2019est croire en la r\u00e9v\u00e9lation du cin\u00e9ma,\u00a0la r\u00e9v\u00e9lation la plus simple et la plus radicale :que le pr\u00e9sent se transforme en pr\u00e9sence,qu\u2019une action devient une histoire,\u00a0qu\u2019un humain devient un h\u00e9ros,qu\u2019un endroit devient lieu.<\/p>\n","protected":false},"author":1,"featured_media":0,"parent":0,"menu_order":0,"comment_status":"closed","ping_status":"closed","template":"","meta":{"footnotes":""},"_links":{"self":[{"href":"http:\/\/clairesimon.fr\/fr_fr\/wp-json\/wp\/v2\/pages\/8"}],"collection":[{"href":"http:\/\/clairesimon.fr\/fr_fr\/wp-json\/wp\/v2\/pages"}],"about":[{"href":"http:\/\/clairesimon.fr\/fr_fr\/wp-json\/wp\/v2\/types\/page"}],"author":[{"embeddable":true,"href":"http:\/\/clairesimon.fr\/fr_fr\/wp-json\/wp\/v2\/users\/1"}],"replies":[{"embeddable":true,"href":"http:\/\/clairesimon.fr\/fr_fr\/wp-json\/wp\/v2\/comments?post=8"}],"version-history":[{"count":7,"href":"http:\/\/clairesimon.fr\/fr_fr\/wp-json\/wp\/v2\/pages\/8\/revisions"}],"predecessor-version":[{"id":226,"href":"http:\/\/clairesimon.fr\/fr_fr\/wp-json\/wp\/v2\/pages\/8\/revisions\/226"}],"wp:attachment":[{"href":"http:\/\/clairesimon.fr\/fr_fr\/wp-json\/wp\/v2\/media?parent=8"}],"curies":[{"name":"wp","href":"https:\/\/api.w.org\/{rel}","templated":true}]}}