{"id":79,"date":"2018-11-02T12:16:44","date_gmt":"2018-11-02T11:16:44","guid":{"rendered":"http:\/\/www.clairesimon.fr\/2018\/?page_id=79"},"modified":"2018-11-15T16:42:22","modified_gmt":"2018-11-15T15:42:22","slug":"le-concours","status":"publish","type":"page","link":"http:\/\/clairesimon.fr\/fr_fr\/le-concours\/","title":{"rendered":"le concours"},"content":{"rendered":"\t\t<div class=\"elementor elementor-79\">\n\t\t\t<div class=\"elementor-inner\">\n\t\t\t\t<div class=\"elementor-section-wrap\">\n\t\t\t\t\t\t\t<section data-id=\"2d37be55\" class=\"elementor-element elementor-element-2d37be55 elementor-section-boxed elementor-section-height-default elementor-section-height-default elementor-section elementor-top-section\" data-element_type=\"section\">\n\t\t\t\t\t\t<div class=\"elementor-container elementor-column-gap-default\">\n\t\t\t\t<div class=\"elementor-row\">\n\t\t\t\t<div data-id=\"5605aea7\" class=\"elementor-element elementor-element-5605aea7 elementor-column elementor-col-100 elementor-top-column\" data-element_type=\"column\">\n\t\t\t<div class=\"elementor-column-wrap elementor-element-populated\">\n\t\t\t\t\t<div class=\"elementor-widget-wrap\">\n\t\t\t\t<div data-id=\"cc76167\" class=\"elementor-element elementor-element-cc76167 elementor-aspect-ratio-169 elementor-widget elementor-widget-video\" data-settings=\"{&quot;aspect_ratio&quot;:&quot;169&quot;}\" data-element_type=\"video.default\">\n\t\t\t\t<div class=\"elementor-widget-container\">\n\t\t\t\t\t<div class=\"elementor-wrapper elementor-fit-aspect-ratio elementor-open-inline\">\n\t\t\t<iframe class=\"elementor-video-iframe\" allowfullscreen src=\"https:\/\/www.youtube.com\/embed\/eR2uNgPe3tw?feature=oembed&amp;start&amp;end&amp;wmode=opaque&amp;loop=0&amp;controls=1&amp;mute=0&amp;showinfo=1&amp;rel=0&amp;modestbranding=0\"><\/iframe>\t\t<\/div>\n\t\t\t\t<\/div>\n\t\t\t\t<\/div>\n\t\t\t\t<div data-id=\"6b76b404\" class=\"elementor-element elementor-element-6b76b404 elementor-widget elementor-widget-text-editor\" data-element_type=\"text-editor.default\">\n\t\t\t\t<div class=\"elementor-widget-container\">\n\t\t\t\t\t<div class=\"elementor-text-editor elementor-clearfix\"><p class=\"sly1\" align=\"left\">Long m\u00e9trage documentaire<\/p><p>DISTRIBUTION Sophie DULAC distribution<\/p><p>Sortie le 8 Fevrier 2017<\/p><p><strong>SYNOPSIS<\/strong><\/p><div title=\"Page 2\"><div><div><p>Les aspirants cin\u00e9astes franchissent le lourd portail de la grande \u00e9cole pour la premi\u00e8re, et peut-\u00eatre, la derni\u00e8re fois.<br \/>Chacun r\u00eave de cin\u00e9ma, mais aussi de r\u00e9ussite. Tous les espoirs<br \/>sont permis, toutes les angoisses aussi. Les jeunes gens r\u00eavent et doutent. Les jur\u00e9s s\u2019interrogent et cherchent leurs h\u00e9ritiers.<\/p><p>De l\u2019arriv\u00e9e des candidats aux d\u00e9lib\u00e9rations des jur\u00e9s, le film explore<br \/>la confrontation entre deux g\u00e9n\u00e9rations et le difficile parcours de s\u00e9lection qu\u2019organisent nos soci\u00e9t\u00e9s contemporaines.<\/p><\/div><\/div><\/div><p class=\"sly1\" align=\"left\">Claire Simon<\/p><p class=\"sly1\" align=\"left\"><strong>LISTE ARTISTIQUE ET TECHNIQUE<\/strong><\/p><div title=\"Page 4\"><div><div><div><p>Auteur \/ R\u00e9alisateur Claire SIMON<br \/>Image Claire SIMON assist\u00e9e de Aur\u00e9lien PY et parfois de Pierre-Hubert MARTIN et Prisca BOURGOIN<br \/>Montage Luc FORVEILLE<br \/>Collaboration au montage L\u00e9a MASSON<br \/>Assistantes Emma BENESTAN et Giorgia VILLA<br \/>Montage son et Mixage Nathalie VIDAL Etalonnage Pierre SUDRE<br \/>Pr\u00e9-\u00e9talonnage Gadiel BENDELAC<br \/>Assistants \u00e0 la r\u00e9alisation Lucas DELANGLE, Barbara CANALE\u00a0<br \/>Son : Olivier HESPEL assist\u00e9 parfois de Cl\u00e9ment Decaudin et Cl\u00e9ment Trahard<br \/>Production : Arnaud DOMMERC, Belinda LEDUC<\/p><\/div><\/div><\/div><\/div><p class=\"sly1\" align=\"left\"><strong>FESTIVALS &amp; DISTRIBUTION<\/strong><\/p><div title=\"Page 4\"><p>Sophie Dulac Distribution<\/p><p><strong>PRESSE<\/strong><\/p><p><a href=\"http:\/\/clairesimon.fr\/t\u00e9l\u00e9rama.pdf\" target=\"_blank\" rel=\"noopener\">T\u00e9l\u00e9rama<\/a><\/p><p><a href=\"http:\/\/www.clairesimon.fr\/1157_POSITIF.pdf\" target=\"_blank\" rel=\"noopener\">Positif<\/a><\/p><p><a href=\"http:\/\/www.clairesimon.fr\/1158_POSITIF.pdf\" target=\"_blank\" rel=\"noopener\">Positif 2<\/a><\/p><p><a href=\"http:\/\/www.clairesimon.fr\/OBS.pdf\" target=\"_blank\" rel=\"noopener\">L&rsquo;Obs<\/a><\/p><p><a href=\"http:\/\/www.clairesimon.fr\/CAHIERS_DU_CINEMA.pdf\" target=\"_blank\" rel=\"noopener\">Les Cahiers du Cin\u00e9ma<\/a><\/p><p><a href=\"http:\/\/www.clairesimon.fr\/LePoint.pdf\" target=\"_blank\" rel=\"noopener\">Le Point<\/a><\/p><p><a href=\"http:\/\/www.clairesimon.fr\/LA_SEPTIEME_OBSESSION.pdf\" target=\"_blank\" rel=\"noopener\">La 7e Obsession<\/a><\/p><p><a href=\"http:\/\/www.clairesimon.fr\/1059_TROIS_COULEURS.pdf\" target=\"_blank\" rel=\"noopener\">Trois Couleurs<\/a><\/p><p><a href=\"http:\/\/www.clairesimon.fr\/Frodon.pdf\" target=\"_blank\" rel=\"noopener\">J.M. Frodon<\/a><\/p><p><a href=\"http:\/\/www.clairesimon.fr\/GraziaConcours.pdf\" target=\"_blank\" rel=\"noopener\">Grazia<\/a><\/p><p><a href=\"http:\/\/www.clairesimon.fr\/LaMarseillaise.pdf\" target=\"_blank\" rel=\"noopener\">La Marseillaise<\/a><\/p><p><a href=\"http:\/\/www.clairesimon.fr\/AlternativesEconomiques.pdf\" target=\"_blank\" rel=\"noopener\">Alternatives Economiques<\/a><\/p><p><a href=\"http:\/\/www.clairesimon.fr\/laMatinale.pdf\" target=\"_blank\" rel=\"noopener\">La Matinale<\/a><\/p><p><a href=\"http:\/\/www.clairesimon.fr\/zero.pdf\" target=\"_blank\" rel=\"noopener\">Z\u00e9ro de Conduite<\/a><\/p><\/div><\/div>\n\t\t\t\t<\/div>\n\t\t\t\t<\/div>\n\t\t\t\t\t\t<\/div>\n\t\t\t<\/div>\n\t\t<\/div>\n\t\t\t\t\t\t<\/div>\n\t\t\t<\/div>\n\t\t<\/section>\n\t\t\t\t\t\t<\/div>\n\t\t\t<\/div>\n\t\t<\/div>\n\t\t","protected":false},"excerpt":{"rendered":"<p>https:\/\/youtu.be\/eR2uNgPe3tw Long m\u00e9trage documentaire DISTRIBUTION Sophie DULAC distribution Sortie le 8 Fevrier 2017 SYNOPSIS Les aspirants cin\u00e9astes franchissent le lourd portail de la grande \u00e9cole pour la premi\u00e8re, et peut-\u00eatre, la derni\u00e8re fois.Chacun r\u00eave de cin\u00e9ma, mais aussi de r\u00e9ussite. Tous les espoirssont permis, toutes les angoisses aussi. Les jeunes gens r\u00eavent et doutent. Les &hellip; <\/p>\n<p class=\"link-more\"><a href=\"http:\/\/clairesimon.fr\/fr_fr\/le-concours\/\" class=\"more-link\">Continuer la lecture<span class=\"screen-reader-text\"> de &laquo;&nbsp;le concours&nbsp;&raquo;<\/span><\/a><\/p>\n","protected":false},"author":1,"featured_media":0,"parent":0,"menu_order":0,"comment_status":"closed","ping_status":"closed","template":"","meta":{"footnotes":""},"_links":{"self":[{"href":"http:\/\/clairesimon.fr\/fr_fr\/wp-json\/wp\/v2\/pages\/79"}],"collection":[{"href":"http:\/\/clairesimon.fr\/fr_fr\/wp-json\/wp\/v2\/pages"}],"about":[{"href":"http:\/\/clairesimon.fr\/fr_fr\/wp-json\/wp\/v2\/types\/page"}],"author":[{"embeddable":true,"href":"http:\/\/clairesimon.fr\/fr_fr\/wp-json\/wp\/v2\/users\/1"}],"replies":[{"embeddable":true,"href":"http:\/\/clairesimon.fr\/fr_fr\/wp-json\/wp\/v2\/comments?post=79"}],"version-history":[{"count":8,"href":"http:\/\/clairesimon.fr\/fr_fr\/wp-json\/wp\/v2\/pages\/79\/revisions"}],"predecessor-version":[{"id":240,"href":"http:\/\/clairesimon.fr\/fr_fr\/wp-json\/wp\/v2\/pages\/79\/revisions\/240"}],"wp:attachment":[{"href":"http:\/\/clairesimon.fr\/fr_fr\/wp-json\/wp\/v2\/media?parent=79"}],"curies":[{"name":"wp","href":"https:\/\/api.w.org\/{rel}","templated":true}]}}