{"id":135,"date":"2018-11-02T14:55:24","date_gmt":"2018-11-02T13:55:24","guid":{"rendered":"http:\/\/www.clairesimon.fr\/2018\/?page_id=135"},"modified":"2018-11-12T14:25:19","modified_gmt":"2018-11-12T13:25:19","slug":"les-patients","status":"publish","type":"page","link":"http:\/\/clairesimon.fr\/fr_fr\/les-patients\/","title":{"rendered":"les patients"},"content":{"rendered":"\t\t<div class=\"elementor elementor-135\">\n\t\t\t<div class=\"elementor-inner\">\n\t\t\t\t<div class=\"elementor-section-wrap\">\n\t\t\t\t\t\t\t<section data-id=\"2d37be55\" class=\"elementor-element elementor-element-2d37be55 elementor-section-boxed elementor-section-height-default elementor-section-height-default elementor-section elementor-top-section\" data-element_type=\"section\">\n\t\t\t\t\t\t<div class=\"elementor-container elementor-column-gap-default\">\n\t\t\t\t<div class=\"elementor-row\">\n\t\t\t\t<div data-id=\"5605aea7\" class=\"elementor-element elementor-element-5605aea7 elementor-column elementor-col-100 elementor-top-column\" data-element_type=\"column\">\n\t\t\t<div class=\"elementor-column-wrap elementor-element-populated\">\n\t\t\t\t\t<div class=\"elementor-widget-wrap\">\n\t\t\t\t<div data-id=\"6b76b404\" class=\"elementor-element elementor-element-6b76b404 elementor-widget elementor-widget-text-editor\" data-element_type=\"text-editor.default\">\n\t\t\t\t<div class=\"elementor-widget-container\">\n\t\t\t\t\t<div class=\"elementor-text-editor elementor-clearfix\"><p><img loading=\"lazy\" decoding=\"async\" class=\"alignnone size-full wp-image-138\" src=\"http:\/\/www.clairesimon.fr\/2018\/wp-content\/uploads\/2018\/11\/les_patients_preview.jpg\" alt=\"\" width=\"507\" height=\"308\" srcset=\"http:\/\/clairesimon.fr\/wp-content\/uploads\/2018\/11\/les_patients_preview.jpg 507w, http:\/\/clairesimon.fr\/wp-content\/uploads\/2018\/11\/les_patients_preview-300x182.jpg 300w\" sizes=\"(max-width: 507px) 100vw, 507px\" \/><\/p><p>1989\/90\u00a0<br \/>Documentaire 75 min. vid\u00e9o.<\/p><p>Feeling production \/ La Sept<br \/><a name=\"synopsis\"><\/a><br \/><strong>SYNOPSIS<\/strong><\/p><p>L&rsquo;\u00e9mouvante derni\u00e8re tourn\u00e9e d&rsquo;un m\u00e9decin. \u00c0 ses c\u00f4t\u00e9s, la r\u00e9alisatrice capte mille petites et grandes histoires de la souffrance humaine au quotidien. Le docteur Jean-Marie Bouvier est m\u00e9decin g\u00e9n\u00e9raliste dans une ville de province. Il doit prendre sa retraite sous peu. Pendant les visites \u00e0 domicile ou dans son bureau \u00e0 la m\u00e9decine du travail, Claire Simon l&rsquo;a suivi tout au long de son dernier mois de consultations. Un m\u00e9decin ordinaire, des patients ordinaires ont nou\u00e9 un dialogue extraordinaire pendant 40 ans. \u201cGrandeurs et servitudes\u201d de la m\u00e9decine g\u00e9n\u00e9rale.<br \/><a name=\"liste\"><\/a><br \/><strong>LISTE ARTISTIQUE ET TECHNIQUE<\/strong><\/p><p>Avec Jean Marie Bouvier et ses patients<\/p><p>R\u00e9alisation Image et Son CLAIRE SIMON<br \/>Montage Francine Sandberg<br \/>Collaboration au montage Catherine Rascon<br \/>Mixage Jean Pierre Laforce<br \/>Musique extrait de St Louis Blues Freddie Hubbard<\/p><p><a name=\"festivals\"><\/a><br \/><strong>FESTIVALS &amp; DISTRIBUTION<\/strong><\/p><p>Prix de la mission du patrimoine au Festival \u00ab\u00a0Cin\u00e9ma du R\u00e9el\u00a0\u00bb 1990 \/ Festival de Films de Femmes \u00e0 Montr\u00e9al.\u00a0<\/p><p>diffusion la Sept sur France 3<br \/>Distributions documetnaire sur Grand Ecran<br \/>Consultable \u00e0 La Vilette<\/p><p><strong>PRESSE<\/strong><\/p><p><a href=\"http:\/\/www.clairesimon.fr\/PDF\/patients\/Lespatientscahiersducinema%20.pdf\" target=\"_blank\" rel=\"noopener\">Cahiers du Cin\u00e9ma<\/a><\/p><p><a href=\"http:\/\/www.clairesimon.fr\/PDF\/patients\/lespatientsHumblot.pdf\" target=\"_blank\" rel=\"noopener\">Le Monde<\/a><\/p><\/div>\n\t\t\t\t<\/div>\n\t\t\t\t<\/div>\n\t\t\t\t\t\t<\/div>\n\t\t\t<\/div>\n\t\t<\/div>\n\t\t\t\t\t\t<\/div>\n\t\t\t<\/div>\n\t\t<\/section>\n\t\t\t\t\t\t<\/div>\n\t\t\t<\/div>\n\t\t<\/div>\n\t\t","protected":false},"excerpt":{"rendered":"<p>1989\/90\u00a0Documentaire 75 min. vid\u00e9o. Feeling production \/ La SeptSYNOPSIS L&rsquo;\u00e9mouvante derni\u00e8re tourn\u00e9e d&rsquo;un m\u00e9decin. \u00c0 ses c\u00f4t\u00e9s, la r\u00e9alisatrice capte mille petites et grandes histoires de la souffrance humaine au quotidien. Le docteur Jean-Marie Bouvier est m\u00e9decin g\u00e9n\u00e9raliste dans une ville de province. Il doit prendre sa retraite sous peu. Pendant les visites \u00e0 domicile &hellip; <\/p>\n<p class=\"link-more\"><a href=\"http:\/\/clairesimon.fr\/fr_fr\/les-patients\/\" class=\"more-link\">Continuer la lecture<span class=\"screen-reader-text\"> de &laquo;&nbsp;les patients&nbsp;&raquo;<\/span><\/a><\/p>\n","protected":false},"author":1,"featured_media":0,"parent":0,"menu_order":0,"comment_status":"closed","ping_status":"closed","template":"","meta":{"footnotes":""},"_links":{"self":[{"href":"http:\/\/clairesimon.fr\/fr_fr\/wp-json\/wp\/v2\/pages\/135"}],"collection":[{"href":"http:\/\/clairesimon.fr\/fr_fr\/wp-json\/wp\/v2\/pages"}],"about":[{"href":"http:\/\/clairesimon.fr\/fr_fr\/wp-json\/wp\/v2\/types\/page"}],"author":[{"embeddable":true,"href":"http:\/\/clairesimon.fr\/fr_fr\/wp-json\/wp\/v2\/users\/1"}],"replies":[{"embeddable":true,"href":"http:\/\/clairesimon.fr\/fr_fr\/wp-json\/wp\/v2\/comments?post=135"}],"version-history":[{"count":3,"href":"http:\/\/clairesimon.fr\/fr_fr\/wp-json\/wp\/v2\/pages\/135\/revisions"}],"predecessor-version":[{"id":200,"href":"http:\/\/clairesimon.fr\/fr_fr\/wp-json\/wp\/v2\/pages\/135\/revisions\/200"}],"wp:attachment":[{"href":"http:\/\/clairesimon.fr\/fr_fr\/wp-json\/wp\/v2\/media?parent=135"}],"curies":[{"name":"wp","href":"https:\/\/api.w.org\/{rel}","templated":true}]}}