{"id":129,"date":"2018-11-02T14:51:20","date_gmt":"2018-11-02T13:51:20","guid":{"rendered":"http:\/\/www.clairesimon.fr\/2018\/?page_id=129"},"modified":"2018-11-12T14:32:05","modified_gmt":"2018-11-12T13:32:05","slug":"sinon","status":"publish","type":"page","link":"http:\/\/clairesimon.fr\/fr_fr\/sinon\/","title":{"rendered":"sinon, oui"},"content":{"rendered":"\t\t<div class=\"elementor elementor-129\">\n\t\t\t<div class=\"elementor-inner\">\n\t\t\t\t<div class=\"elementor-section-wrap\">\n\t\t\t\t\t\t\t<section data-id=\"2d37be55\" class=\"elementor-element elementor-element-2d37be55 elementor-section-boxed elementor-section-height-default elementor-section-height-default elementor-section elementor-top-section\" data-element_type=\"section\">\n\t\t\t\t\t\t<div class=\"elementor-container elementor-column-gap-default\">\n\t\t\t\t<div class=\"elementor-row\">\n\t\t\t\t<div data-id=\"5605aea7\" class=\"elementor-element elementor-element-5605aea7 elementor-column elementor-col-100 elementor-top-column\" data-element_type=\"column\">\n\t\t\t<div class=\"elementor-column-wrap elementor-element-populated\">\n\t\t\t\t\t<div class=\"elementor-widget-wrap\">\n\t\t\t\t<div data-id=\"6b76b404\" class=\"elementor-element elementor-element-6b76b404 elementor-widget elementor-widget-text-editor\" data-element_type=\"text-editor.default\">\n\t\t\t\t<div class=\"elementor-widget-container\">\n\t\t\t\t\t<div class=\"elementor-text-editor elementor-clearfix\"><p><img loading=\"lazy\" decoding=\"async\" class=\"alignnone size-full wp-image-132\" src=\"http:\/\/www.clairesimon.fr\/2018\/wp-content\/uploads\/2018\/11\/sinon.jpg\" alt=\"\" width=\"995\" height=\"669\" srcset=\"http:\/\/clairesimon.fr\/wp-content\/uploads\/2018\/11\/sinon.jpg 995w, http:\/\/clairesimon.fr\/wp-content\/uploads\/2018\/11\/sinon-300x202.jpg 300w, http:\/\/clairesimon.fr\/wp-content\/uploads\/2018\/11\/sinon-768x516.jpg 768w\" sizes=\"(max-width: 767px) 89vw, (max-width: 1000px) 54vw, (max-width: 1071px) 543px, 580px\" \/><\/p><p>Fiction 120 minutes<\/p><p>ZELIE productions<br \/>avec la Sept cin\u00e9ma, CNC, Canal plus et films du Verseau\/ Montr\u00e9al.\u00a0<\/p><p>Distribution: Pierre Grise distribution ( France)<br \/>1996\/97<br \/><a name=\"synopsis\"><\/a><br \/><strong>SYNOPSIS<\/strong><br \/>C&rsquo;est une histoire qui arrive \u00e0 une femme, par l&rsquo;interm\u00e9diaire d&rsquo;une question qu&rsquo;on lui pose: est-ce qu&rsquo;elle est enceinte?\u00a0<br \/>Elle n&rsquo;en sait rien et sur le moment \u00e7a l&rsquo;arrange de laisser planer le doute. Cette hypoth\u00e8se est redoutable pour son mari qui comptait s&rsquo;\u00e9loigner d&rsquo;elle, tellement redoutable qu&rsquo;il y croit tout de suite. Il a beau lui expliquer qu&rsquo;il ne veut pas de l&rsquo;enfant, elle ne fait rien pour avorter&#8230;. puisqu&rsquo;elle n&rsquo;est pas enceinte tout compte fait. Seulement \u00e7a, elle n&rsquo;arrive pas \u00e0 lui dire. Elle laisse faire remettant toujours au lendemain le moment de briser le charme qui retient son mari aupr\u00e8s d&rsquo;elle, r\u00e9conforte son propre p\u00e8re tr\u00e8s malade, et r\u00e9jouit son entourage. Jour apr\u00e8s jour la fiction s&rsquo;installe et rien ne semble pouvoir l&rsquo;arr\u00eater.\u00a0<br \/>****<br \/>SINON,OUI<br \/>On peut souffrir de l&rsquo;id\u00e9e que les autres se font de vous au point de penser qu&rsquo;ils ont raison.\u00a0<br \/>Au point d&rsquo;accueillir leurs paroles comme des ordres.<br \/>Si on continue sur ce chemin on entend des voix&#8230; Les voix des autres.\u00a0<br \/>On dirait qu&rsquo;elles vous addressent des pri\u00e8res, qu&rsquo;elles vous supplient d&rsquo;\u00eatre ce qu&rsquo;elles croient, ce qu&rsquo;elles esp\u00e8rent, puisque vous, vous ne dites rien.\u00a0<br \/>C&rsquo;est normal,vous ne pouvez pas r\u00e9pondre \u00e0 \u00e7a&#8230;\u00a0<br \/>Vous pourriez faire un geste peut-\u00eatre?<br \/><a name=\"liste\"><\/a><br \/><strong>LISTE ARTISTIQUE ET TECHNIQUE<\/strong><\/p><p>avec\u00a0<br \/>Catherine Mendez,\u00a0<br \/>Emmanuel Clarke,\u00a0<br \/>Lou Castel,\u00a0<br \/>Agn\u00e8s Regollo<br \/>Pierre Berriau,\u00a0<br \/>Claude Merlin,\u00a0<br \/>J\u00e9r\u00f4me Rigaud etc.\u00a0<br \/>Prouit par Catherine Jacques<br \/>Sc\u00e9nario et r\u00e9alisation: Claire Simon<br \/>Collaboratin au scenario:Anny Romand et Nathalie Donini<br \/>Direction de production: Catherine Jacques &amp;Luc Leclerc du Sablon<br \/>Premier assistant: Jacques Reboud<br \/>Deuxi\u00e8me assistante : Bania Mejbar<br \/>Image: Richard Copans<br \/>Son : Dominique Lancelot<br \/>D\u00e9cor: Michel Vandestien<br \/>Costumes: Anne Autran<br \/>Montage: Catherine Quesemand<br \/>Montage son: Mathilde Muyad<br \/>Mixage: Jean Pierre Laforce<\/p><p>Musique originale Archie Shepp et Catherine Ringer\u00a0<br \/><a name=\"festivals\"><\/a><br \/><strong>FESTIVALS &amp; DISTRIBUTION<\/strong><br \/>Festival de Cannes 97 Cin\u00e9ma en France\u00a0<br \/>Grand prix du sc\u00e9nario de la SACD aux journ\u00e9es franco am\u00e9ricaines d&rsquo;Avignon\u00a0<\/p><p>Festivals de Postdam \/ Londres\/ le Caire\/ J\u00e9rusalem\/ Ramallah\/Thessalonique\/ Montreal, etc<\/p><p>Sortie nationale octobre 97 \/ Sortie en Belgique en octobre 98<\/p><p><strong>PRESSE<\/strong><\/p><p><a href=\"http:\/\/www.clairesimon.fr\/PDF\/sinon\/LibeLefortsinonoui.pdf\" target=\"_blank\" rel=\"noopener\">Lib\u00e9ration &#8211; G. Lefort<\/a><\/p><p><a href=\"http:\/\/www.clairesimon.fr\/PDF\/sinon\/LibePeronSinonOui.pdf\" target=\"_blank\" rel=\"noopener\">Lib\u00e9ration &#8211; D. Peron<\/a><\/p><p><a href=\"http:\/\/www.clairesimon.fr\/PDF\/sinon\/SinonOuilemondeFrodon.pdf\" target=\"_blank\" rel=\"noopener\">Le Monde<\/a><\/p><p><a href=\"http:\/\/www.clairesimon.fr\/PDF\/sinon\/sinonouiMandelbaum.pdf\" target=\"_blank\" rel=\"noopener\">J. Mandelbaum<\/a><\/p><\/div>\n\t\t\t\t<\/div>\n\t\t\t\t<\/div>\n\t\t\t\t\t\t<\/div>\n\t\t\t<\/div>\n\t\t<\/div>\n\t\t\t\t\t\t<\/div>\n\t\t\t<\/div>\n\t\t<\/section>\n\t\t\t\t\t\t<\/div>\n\t\t\t<\/div>\n\t\t<\/div>\n\t\t","protected":false},"excerpt":{"rendered":"<p>Fiction 120 minutes ZELIE productionsavec la Sept cin\u00e9ma, CNC, Canal plus et films du Verseau\/ Montr\u00e9al.\u00a0 Distribution: Pierre Grise distribution ( France)1996\/97SYNOPSISC&rsquo;est une histoire qui arrive \u00e0 une femme, par l&rsquo;interm\u00e9diaire d&rsquo;une question qu&rsquo;on lui pose: est-ce qu&rsquo;elle est enceinte?\u00a0Elle n&rsquo;en sait rien et sur le moment \u00e7a l&rsquo;arrange de laisser planer le doute. Cette &hellip; <\/p>\n<p class=\"link-more\"><a href=\"http:\/\/clairesimon.fr\/fr_fr\/sinon\/\" class=\"more-link\">Continuer la lecture<span class=\"screen-reader-text\"> de &laquo;&nbsp;sinon, oui&nbsp;&raquo;<\/span><\/a><\/p>\n","protected":false},"author":1,"featured_media":0,"parent":0,"menu_order":0,"comment_status":"closed","ping_status":"closed","template":"","meta":{"footnotes":""},"_links":{"self":[{"href":"http:\/\/clairesimon.fr\/fr_fr\/wp-json\/wp\/v2\/pages\/129"}],"collection":[{"href":"http:\/\/clairesimon.fr\/fr_fr\/wp-json\/wp\/v2\/pages"}],"about":[{"href":"http:\/\/clairesimon.fr\/fr_fr\/wp-json\/wp\/v2\/types\/page"}],"author":[{"embeddable":true,"href":"http:\/\/clairesimon.fr\/fr_fr\/wp-json\/wp\/v2\/users\/1"}],"replies":[{"embeddable":true,"href":"http:\/\/clairesimon.fr\/fr_fr\/wp-json\/wp\/v2\/comments?post=129"}],"version-history":[{"count":4,"href":"http:\/\/clairesimon.fr\/fr_fr\/wp-json\/wp\/v2\/pages\/129\/revisions"}],"predecessor-version":[{"id":201,"href":"http:\/\/clairesimon.fr\/fr_fr\/wp-json\/wp\/v2\/pages\/129\/revisions\/201"}],"wp:attachment":[{"href":"http:\/\/clairesimon.fr\/fr_fr\/wp-json\/wp\/v2\/media?parent=129"}],"curies":[{"name":"wp","href":"https:\/\/api.w.org\/{rel}","templated":true}]}}