{"id":12,"date":"2018-10-22T11:13:22","date_gmt":"2018-10-22T09:13:22","guid":{"rendered":"http:\/\/www.clairesimon.fr\/2018\/?page_id=12"},"modified":"2025-11-16T20:57:10","modified_gmt":"2025-11-16T19:57:10","slug":"une-section-de-page-daccueil","status":"publish","type":"page","link":"http:\/\/clairesimon.fr\/fr_fr\/une-section-de-page-daccueil\/","title":{"rendered":"actualit\u00e9"},"content":{"rendered":"\t\t<div class=\"elementor elementor-12\">\n\t\t\t<div class=\"elementor-inner\">\n\t\t\t\t<div class=\"elementor-section-wrap\">\n\t\t\t\t\t\t\t<section data-id=\"77510e0\" class=\"elementor-element elementor-element-77510e0 elementor-section-boxed elementor-section-height-default elementor-section-height-default elementor-section elementor-top-section\" data-element_type=\"section\">\n\t\t\t\t\t\t<div class=\"elementor-container elementor-column-gap-default\">\n\t\t\t\t<div class=\"elementor-row\">\n\t\t\t\t<div data-id=\"dfd0064\" class=\"elementor-element elementor-element-dfd0064 elementor-column elementor-col-100 elementor-top-column\" data-element_type=\"column\">\n\t\t\t<div class=\"elementor-column-wrap elementor-element-populated\">\n\t\t\t\t\t<div class=\"elementor-widget-wrap\">\n\t\t\t\t<div data-id=\"de4548e\" class=\"elementor-element elementor-element-de4548e elementor-widget elementor-widget-image\" data-element_type=\"image.default\">\n\t\t\t\t<div class=\"elementor-widget-container\">\n\t\t\t\t\t<div class=\"elementor-image\">\n\t\t\t\t\t\t\t\t\t\t<img loading=\"lazy\" decoding=\"async\" width=\"296\" height=\"424\" src=\"http:\/\/clairesimon.fr\/wp-content\/uploads\/2025\/10\/Cia-3ds.com_.url_.png\" class=\"attachment-large size-large\" alt=\"\" srcset=\"http:\/\/clairesimon.fr\/wp-content\/uploads\/2025\/10\/Cia-3ds.com_.url_.png 296w, http:\/\/clairesimon.fr\/wp-content\/uploads\/2025\/10\/Cia-3ds.com_.url_-209x300.png 209w, http:\/\/clairesimon.fr\/wp-content\/uploads\/2025\/10\/Cia-3ds.com_.url_-8x12.png 8w\" sizes=\"100vw\" \/>\t\t\t\t\t\t\t\t\t\t\t<\/div>\n\t\t\t\t<\/div>\n\t\t\t\t<\/div>\n\t\t\t\t<div data-id=\"1f1fa3f\" class=\"elementor-element elementor-element-1f1fa3f elementor-widget elementor-widget-text-editor\" data-element_type=\"text-editor.default\">\n\t\t\t\t<div class=\"elementor-widget-container\">\n\t\t\t\t\t<div class=\"elementor-text-editor elementor-clearfix\"><p><b>ECRIRE LA VIE &#8211;\u00a0<\/b><span style=\"font-family: Aptos, sans-serif; font-size: 11pt;\">Sortie en Salle pr\u00e9vue en Mars 2026<\/span><\/p>\n<p><span style=\"font-size: 11.0pt; font-family: 'Aptos',sans-serif; mso-fareast-font-family: 'Times New Roman'; mso-bidi-font-family: Aptos; mso-ansi-language: FR; mso-fareast-language: FR; mso-bidi-language: AR-SA;\">Diffusion : France 5, \u00e9mission \u00ab\u00a0La grande libraire\u00a0\u00bb le 3 d\u00e9cembre 2025 \u00e0 21H.<\/span><\/p>\n<p><a href=\"http:\/\/clairesimon.fr\/wp-content\/uploads\/2025\/11\/Ecrire-la-vie-pour-Dossier-de-Presse-.docx\" target=\"_blank\" rel=\"noopener\"><b>T\u00e9l\u00e9charger le dossier de presse\u00a0<\/b><\/a><span style=\"font-size: 11.0pt; font-family: 'Aptos',sans-serif; mso-fareast-font-family: 'Times New Roman'; mso-bidi-font-family: Aptos; mso-ansi-language: FR; mso-fareast-language: FR; mso-bidi-language: AR-SA;\"><!--[endif]--><\/span><\/p>\n<p>\u00a0<\/p><\/div>\n\t\t\t\t<\/div>\n\t\t\t\t<\/div>\n\t\t\t\t\t\t<\/div>\n\t\t\t<\/div>\n\t\t<\/div>\n\t\t\t\t\t\t<\/div>\n\t\t\t<\/div>\n\t\t<\/section>\n\t\t\t\t<section data-id=\"f4d2225\" class=\"elementor-element elementor-element-f4d2225 elementor-section-boxed elementor-section-height-default elementor-section-height-default elementor-section elementor-top-section\" data-element_type=\"section\">\n\t\t\t\t\t\t<div class=\"elementor-container elementor-column-gap-default\">\n\t\t\t\t<div class=\"elementor-row\">\n\t\t\t\t<div data-id=\"b6e49f5\" class=\"elementor-element elementor-element-b6e49f5 elementor-column elementor-col-100 elementor-top-column\" data-element_type=\"column\">\n\t\t\t<div class=\"elementor-column-wrap elementor-element-populated\">\n\t\t\t\t\t<div class=\"elementor-widget-wrap\">\n\t\t\t\t<div data-id=\"5da6803\" class=\"elementor-element elementor-element-5da6803 elementor-widget elementor-widget-image\" data-element_type=\"image.default\">\n\t\t\t\t<div class=\"elementor-widget-container\">\n\t\t\t\t\t<div class=\"elementor-image\">\n\t\t\t\t\t\t\t\t\t\t<img loading=\"lazy\" decoding=\"async\" width=\"525\" height=\"656\" src=\"http:\/\/clairesimon.fr\/wp-content\/uploads\/2025\/01\/thumbnail_WhatsApp-Image-2025-01-15-at-17.35.01-819x1024.jpg\" class=\"attachment-large size-large\" alt=\"\" srcset=\"http:\/\/clairesimon.fr\/wp-content\/uploads\/2025\/01\/thumbnail_WhatsApp-Image-2025-01-15-at-17.35.01-819x1024.jpg 819w, http:\/\/clairesimon.fr\/wp-content\/uploads\/2025\/01\/thumbnail_WhatsApp-Image-2025-01-15-at-17.35.01-240x300.jpg 240w, http:\/\/clairesimon.fr\/wp-content\/uploads\/2025\/01\/thumbnail_WhatsApp-Image-2025-01-15-at-17.35.01-768x960.jpg 768w, http:\/\/clairesimon.fr\/wp-content\/uploads\/2025\/01\/thumbnail_WhatsApp-Image-2025-01-15-at-17.35.01-10x12.jpg 10w, http:\/\/clairesimon.fr\/wp-content\/uploads\/2025\/01\/thumbnail_WhatsApp-Image-2025-01-15-at-17.35.01.jpg 960w\" sizes=\"100vw\" \/>\t\t\t\t\t\t\t\t\t\t\t<\/div>\n\t\t\t\t<\/div>\n\t\t\t\t<\/div>\n\t\t\t\t<div data-id=\"751dbb3\" class=\"elementor-element elementor-element-751dbb3 elementor-widget elementor-widget-text-editor\" data-element_type=\"text-editor.default\">\n\t\t\t\t<div class=\"elementor-widget-container\">\n\t\t\t\t\t<div class=\"elementor-text-editor elementor-clearfix\"><p><b>APPRENDRE &#8211; Avant-premi\u00e8res exceptionnelles<\/b><\/p>\n<p><span data-olk-copy-source=\"MessageBody\">R\u00e9servation : svp@condor-films.fr<\/span><\/p><\/div>\n\t\t\t\t<\/div>\n\t\t\t\t<\/div>\n\t\t\t\t\t\t<\/div>\n\t\t\t<\/div>\n\t\t<\/div>\n\t\t\t\t\t\t<\/div>\n\t\t\t<\/div>\n\t\t<\/section>\n\t\t\t\t<section data-id=\"578eeff4\" class=\"elementor-element elementor-element-578eeff4 elementor-section-boxed elementor-section-height-default elementor-section-height-default elementor-section elementor-top-section\" data-element_type=\"section\">\n\t\t\t\t\t\t<div class=\"elementor-container elementor-column-gap-default\">\n\t\t\t\t<div class=\"elementor-row\">\n\t\t\t\t<div data-id=\"5706a5e9\" class=\"elementor-element elementor-element-5706a5e9 elementor-column elementor-col-100 elementor-top-column\" data-element_type=\"column\">\n\t\t\t<div class=\"elementor-column-wrap elementor-element-populated\">\n\t\t\t\t\t<div class=\"elementor-widget-wrap\">\n\t\t\t\t<div data-id=\"1cef889b\" class=\"elementor-element elementor-element-1cef889b elementor-widget elementor-widget-text-editor\" data-element_type=\"text-editor.default\">\n\t\t\t\t<div class=\"elementor-widget-container\">\n\t\t\t\t\t<div class=\"elementor-text-editor elementor-clearfix\"><p><!-- wp:paragraph --><\/p>\n<p><!-- \/wp:paragraph --><\/p>\n<p><!-- wp:image {\"id\":393,\"sizeSlug\":\"large\",\"linkDestination\":\"none\"} --><\/p>\n<figure class=\"wp-block-image size-large\"><img loading=\"lazy\" decoding=\"async\" width=\"1024\" height=\"689\" class=\"wp-image-393\" src=\"http:\/\/clairesimon.fr\/wp-content\/uploads\/2024\/05\/apprendre-1024x689.jpg\" alt=\"\" srcset=\"http:\/\/clairesimon.fr\/wp-content\/uploads\/2024\/05\/apprendre-1024x689.jpg 1024w, http:\/\/clairesimon.fr\/wp-content\/uploads\/2024\/05\/apprendre-300x202.jpg 300w, http:\/\/clairesimon.fr\/wp-content\/uploads\/2024\/05\/apprendre-768x517.jpg 768w, http:\/\/clairesimon.fr\/wp-content\/uploads\/2024\/05\/apprendre-18x12.jpg 18w, http:\/\/clairesimon.fr\/wp-content\/uploads\/2024\/05\/apprendre.jpg 1440w\" sizes=\"(max-width: 767px) 89vw, (max-width: 1000px) 54vw, (max-width: 1071px) 543px, 580px\" \/><\/figure>\n<p><!-- \/wp:image --><\/p>\n<p><!-- wp:heading --><\/p>\n<p><b>APPRENDRE &#8211; S\u00e9ance Sp\u00e9ciale au Festival de Cannes<\/b><\/p>\n<p><!-- \/wp:heading --><\/p>\n<p><!-- wp:paragraph --><\/p>\n<p>Le film Apprendre sera diffus\u00e9 en S\u00e9ance Sp\u00e9ciale au Festival de Cannes le 19 Mai 2024 \u00e0 16h30 en salle Varda.<\/p>\n<p><!-- \/wp:paragraph --><\/p>\n<p><!-- wp:paragraph --><\/p>\n<p>Synopsis :<\/p>\n<p style=\"padding-left: 40px;\">APPRENDRE, lever le doigt, ne pas se tromper. Avoir envie que la ma\u00eetresse ou le ma\u00eetre nous dise : \u00ab\u00a0c\u2019est bien\u00a0\u00bb.<br \/>Savoir lire, \u00e9crire, compter: c\u2019est pas toujours facile \u2026\u00a0<br \/>APPRENDRE\u00a0aux enfants, d\u00e9tecter dans leurs yeux ce qui coince, les encourager, les aider.\u00a0<br \/>Les faire lire, chanter\u2026<br \/>Dans la cour,\u00a0APPRENDRE\u00a0\u00e0 se parler plut\u00f4t que se battre.<br \/>APPRENDRE: cela se passe dans une \u00e9cole \u00e9l\u00e9mentaire de la R\u00e9publique, dans une ville de la banlieue parisienne.<\/p>\n<p>Dur\u00e9e : 105 minutes.<\/p>\n<p><strong><a href=\"http:\/\/clairesimon.fr\/wp-content\/uploads\/2024\/05\/Dossier-de-presse-APPRENDRE.pdf\">T\u00e9l\u00e9charger le dossier de presse<\/a><\/strong><\/p>\n<p><!-- \/wp:paragraph --><\/p>\n<p><!-- wp:paragraph --><\/p>\n<p><!-- \/wp:paragraph --><\/p><\/div>\n\t\t\t\t<\/div>\n\t\t\t\t<\/div>\n\t\t\t\t\t\t<\/div>\n\t\t\t<\/div>\n\t\t<\/div>\n\t\t\t\t\t\t<\/div>\n\t\t\t<\/div>\n\t\t<\/section>\n\t\t\t\t<section data-id=\"c3fd058\" class=\"elementor-element elementor-element-c3fd058 elementor-section-boxed elementor-section-height-default elementor-section-height-default elementor-section elementor-top-section\" data-element_type=\"section\">\n\t\t\t\t\t\t<div class=\"elementor-container elementor-column-gap-default\">\n\t\t\t\t<div class=\"elementor-row\">\n\t\t\t\t<div data-id=\"24d09ae\" class=\"elementor-element elementor-element-24d09ae elementor-column elementor-col-100 elementor-top-column\" data-element_type=\"column\">\n\t\t\t<div class=\"elementor-column-wrap elementor-element-populated\">\n\t\t\t\t\t<div class=\"elementor-widget-wrap\">\n\t\t\t\t<div data-id=\"1c125bf\" class=\"elementor-element elementor-element-1c125bf elementor-widget elementor-widget-image\" data-element_type=\"image.default\">\n\t\t\t\t<div class=\"elementor-widget-container\">\n\t\t\t\t\t<div class=\"elementor-image\">\n\t\t\t\t\t\t\t\t\t\t<img loading=\"lazy\" decoding=\"async\" width=\"525\" height=\"729\" src=\"http:\/\/clairesimon.fr\/wp-content\/uploads\/2023\/09\/NOTRE-CORPS_Affiche-737x1024.jpg\" class=\"attachment-large size-large\" alt=\"\" srcset=\"http:\/\/clairesimon.fr\/wp-content\/uploads\/2023\/09\/NOTRE-CORPS_Affiche-737x1024.jpg 737w, http:\/\/clairesimon.fr\/wp-content\/uploads\/2023\/09\/NOTRE-CORPS_Affiche-216x300.jpg 216w, http:\/\/clairesimon.fr\/wp-content\/uploads\/2023\/09\/NOTRE-CORPS_Affiche-768x1067.jpg 768w, http:\/\/clairesimon.fr\/wp-content\/uploads\/2023\/09\/NOTRE-CORPS_Affiche.jpg 1360w\" sizes=\"100vw\" \/>\t\t\t\t\t\t\t\t\t\t\t<\/div>\n\t\t\t\t<\/div>\n\t\t\t\t<\/div>\n\t\t\t\t<div data-id=\"e8780de\" class=\"elementor-element elementor-element-e8780de elementor-widget elementor-widget-text-editor\" data-element_type=\"text-editor.default\">\n\t\t\t\t<div class=\"elementor-widget-container\">\n\t\t\t\t\t<div class=\"elementor-text-editor elementor-clearfix\"><p><strong>NOTRE CORPS &#8211; Remise de prix le 18\/05<\/strong><\/p>\n<p><a href=\"http:\/\/clairesimon.fr\/wp-content\/uploads\/2023\/09\/NOTRE-CORPS_DP.pdf\"><strong>T\u00e9l\u00e9charger le dossier de presse<\/strong><\/a><\/p><\/div>\n\t\t\t\t<\/div>\n\t\t\t\t<\/div>\n\t\t\t\t\t\t<\/div>\n\t\t\t<\/div>\n\t\t<\/div>\n\t\t\t\t\t\t<\/div>\n\t\t\t<\/div>\n\t\t<\/section>\n\t\t\t\t\t\t<\/div>\n\t\t\t<\/div>\n\t\t<\/div>\n\t\t","protected":false},"excerpt":{"rendered":"<p>ECRIRE LA VIE &#8211;\u00a0Sortie en Salle pr\u00e9vue en Mars 2026 Diffusion : France 5, \u00e9mission \u00ab\u00a0La grande libraire\u00a0\u00bb le 3 d\u00e9cembre 2025 \u00e0 21H. T\u00e9l\u00e9charger le dossier de presse\u00a0 \u00a0 APPRENDRE &#8211; Avant-premi\u00e8res exceptionnelles R\u00e9servation : svp@condor-films.fr APPRENDRE &#8211; S\u00e9ance Sp\u00e9ciale au Festival de Cannes Le film Apprendre sera diffus\u00e9 en S\u00e9ance Sp\u00e9ciale au Festival &hellip; <\/p>\n<p class=\"link-more\"><a href=\"http:\/\/clairesimon.fr\/fr_fr\/une-section-de-page-daccueil\/\" class=\"more-link\">Continuer la lecture<span class=\"screen-reader-text\"> de &laquo;&nbsp;actualit\u00e9&nbsp;&raquo;<\/span><\/a><\/p>\n","protected":false},"author":1,"featured_media":0,"parent":0,"menu_order":0,"comment_status":"closed","ping_status":"closed","template":"","meta":{"footnotes":""},"_links":{"self":[{"href":"http:\/\/clairesimon.fr\/fr_fr\/wp-json\/wp\/v2\/pages\/12"}],"collection":[{"href":"http:\/\/clairesimon.fr\/fr_fr\/wp-json\/wp\/v2\/pages"}],"about":[{"href":"http:\/\/clairesimon.fr\/fr_fr\/wp-json\/wp\/v2\/types\/page"}],"author":[{"embeddable":true,"href":"http:\/\/clairesimon.fr\/fr_fr\/wp-json\/wp\/v2\/users\/1"}],"replies":[{"embeddable":true,"href":"http:\/\/clairesimon.fr\/fr_fr\/wp-json\/wp\/v2\/comments?post=12"}],"version-history":[{"count":57,"href":"http:\/\/clairesimon.fr\/fr_fr\/wp-json\/wp\/v2\/pages\/12\/revisions"}],"predecessor-version":[{"id":438,"href":"http:\/\/clairesimon.fr\/fr_fr\/wp-json\/wp\/v2\/pages\/12\/revisions\/438"}],"wp:attachment":[{"href":"http:\/\/clairesimon.fr\/fr_fr\/wp-json\/wp\/v2\/media?parent=12"}],"curies":[{"name":"wp","href":"https:\/\/api.w.org\/{rel}","templated":true}]}}