{"id":118,"date":"2018-11-02T14:38:20","date_gmt":"2018-11-02T13:38:20","guid":{"rendered":"http:\/\/www.clairesimon.fr\/2018\/?page_id=118"},"modified":"2018-11-12T14:57:59","modified_gmt":"2018-11-12T13:57:59","slug":"mimi","status":"publish","type":"page","link":"http:\/\/clairesimon.fr\/fr_fr\/mimi\/","title":{"rendered":"mimi"},"content":{"rendered":"\t\t<div class=\"elementor elementor-118\">\n\t\t\t<div class=\"elementor-inner\">\n\t\t\t\t<div class=\"elementor-section-wrap\">\n\t\t\t\t\t\t\t<section data-id=\"2d37be55\" class=\"elementor-element elementor-element-2d37be55 elementor-section-boxed elementor-section-height-default elementor-section-height-default elementor-section elementor-top-section\" data-element_type=\"section\">\n\t\t\t\t\t\t<div class=\"elementor-container elementor-column-gap-default\">\n\t\t\t\t<div class=\"elementor-row\">\n\t\t\t\t<div data-id=\"5605aea7\" class=\"elementor-element elementor-element-5605aea7 elementor-column elementor-col-100 elementor-top-column\" data-element_type=\"column\">\n\t\t\t<div class=\"elementor-column-wrap elementor-element-populated\">\n\t\t\t\t\t<div class=\"elementor-widget-wrap\">\n\t\t\t\t<div data-id=\"6b76b404\" class=\"elementor-element elementor-element-6b76b404 elementor-widget elementor-widget-text-editor\" data-element_type=\"text-editor.default\">\n\t\t\t\t<div class=\"elementor-widget-container\">\n\t\t\t\t\t<div class=\"elementor-text-editor elementor-clearfix\"><p><img loading=\"lazy\" decoding=\"async\" class=\"size-full wp-image-121 alignnone\" src=\"http:\/\/www.clairesimon.fr\/2018\/wp-content\/uploads\/2018\/11\/mimi.jpg\" alt=\"\" width=\"600\" height=\"400\" srcset=\"http:\/\/clairesimon.fr\/wp-content\/uploads\/2018\/11\/mimi.jpg 600w, http:\/\/clairesimon.fr\/wp-content\/uploads\/2018\/11\/mimi-300x200.jpg 300w\" sizes=\"(max-width: 600px) 100vw, 600px\" \/><\/p><p>avec Mimi Chiola<br \/>Long m\u00e9trage documentaire<br \/>2002 &#8211; Dur\u00e9e 1 h 45 &#8211; 35 mm &#8211; Dolby SR<br \/>PRODUCTION Ma\u00efa Films<br \/>DISTRIBUTION Les Films Pirates<br \/>PRESSE Agn\u00e8s Chabot<\/p><p>Sortie le 12 Mars 2003<\/p><p><strong>SYNOPSIS<\/strong><\/p><p>Mimi n\u2019est pas une vedette c\u2019est quelqu\u2019un.<br \/>J\u2019ai voulu faire un film de la vie de Mimi.<br \/>De la vie de quelqu\u2019un, donc.<br \/>M\u2019attacher le plus possible \u00e0 cette singularit\u00e9<br \/>afin d\u2019y rencontrer le romanesque d\u2019une vraie vie.<br \/>Que j\u2019allais d\u00e9couvrir en la filmant.<br \/>L\u00e0, dans sa ville \u00e0 Nice, ou \u00e0 la montagne,<br \/>au gr\u00e9 des lieux familiers ou inconnus o\u00f9 je l\u2019ai film\u00e9e,<br \/>j\u2019ai attendu que son histoire que je ne connaissais<br \/>pas encore lui revienne, et qu\u2019elle me raconte<br \/>les sc\u00e8nes qui composent son roman personnel.<br \/>Claire Simon<br \/>***<br \/>\u201c La seule raison d\u2019\u00eatre d\u2019un roman est de s\u2019attacher vraiment \u00e0 reproduire la vie.\u201d<br \/>Henry James<\/p><p><strong>LISTE ARTISTIQUE ET TECHNIQUE<\/strong><\/p><p>Un film de Claire Simon<\/p><p>Avec\u00a0<br \/>Mimi Chiola<br \/>Et les musiciens : Diego Origlia et Mohamed Mokhtari<br \/>Et aussi : Didier Conti l\u2019amateur de trains,Fran\u00e7ois Cavallo, Victoire Salvini, Philippe Bouillon, Val\u00e9rie Bouricand<\/p><p>R\u00e9alisation, cadre , montage Claire Simon<br \/>Lumi\u00e8re et point Michel Dunand<br \/>Son direct Pierre Armand<br \/>Assistante r\u00e9alisation Arlette Buvat<br \/>Administration et production:Tatiana Bouchain, Isabelle Bras, Barbara Canale , Carole Lambert<br \/>Assistants montage Julie Pelat, Michel Toesca<br \/>Montage son Jean Mallet<br \/>Mixage Jean-Pierre Laforce<br \/>Exploitation Carole Lambert M\u00e9lina Jochum<\/p><p>Un film produit par MAIA films en coproduction en co-production avec OGNON PICTURES et GEMINI FILMS avec le concours du Centre National du Cin\u00e9ma.<br \/><a name=\"festivals\"><\/a><br \/><strong>FESTIVALS &amp; DISTRIBUTION<\/strong><\/p><p>Festival international de Marseille 2002 \/comp\u00e9tition internationale Lussas 2002\/ Auch \/ Filmer a tout prix Bruxelles 2002 \/ Festival international de Berlin ( Forum) 2003 \/ Manosque \/ Doc Lisboa 03 Portugal\/Med fest Naples 03\/ \/ Tubingen Allemagne03\/\u00a0<br \/>Grand prix au festival Eco cin\u00e9ma \u00e0 Rhodes\/ Rencontres Internationale Documentaires Montr\u00e9al 2004\/<\/p><p>Sortie nationale au cin\u00e9ma et DVD ( Doriane flms)<br \/>Diffus\u00e9 sur Cin\u00e9 cin\u00e9ma et Pink Tv<\/p><p><strong>PRESSE<\/strong><\/p><p><a href=\"http:\/\/www.clairesimon.fr\/PDF\/mimi\/Mimi-Teleramafr.pdf\" target=\"_blank\" rel=\"noopener\">T\u00e9l\u00e9rama<\/a><\/p><p><a href=\"http:\/\/www.clairesimon.fr\/PDF\/mimi\/JLouisComolliMimi.pdf\" target=\"_blank\" rel=\"noopener\">J.L. Comolli<\/a><\/p><p><a href=\"http:\/\/www.clairesimon.fr\/PDF\/mimi\/lemondeIRegnier.pdf\" target=\"_blank\" rel=\"noopener\">Le Monde<\/a><\/p><p><a href=\"http:\/\/www.clairesimon.fr\/PDF\/mimi\/MIMiJROY.pdf\" target=\"_blank\" rel=\"noopener\">J. Roy<\/a><\/p><\/div>\n\t\t\t\t<\/div>\n\t\t\t\t<\/div>\n\t\t\t\t\t\t<\/div>\n\t\t\t<\/div>\n\t\t<\/div>\n\t\t\t\t\t\t<\/div>\n\t\t\t<\/div>\n\t\t<\/section>\n\t\t\t\t\t\t<\/div>\n\t\t\t<\/div>\n\t\t<\/div>\n\t\t","protected":false},"excerpt":{"rendered":"<p>avec Mimi ChiolaLong m\u00e9trage documentaire2002 &#8211; Dur\u00e9e 1 h 45 &#8211; 35 mm &#8211; Dolby SRPRODUCTION Ma\u00efa FilmsDISTRIBUTION Les Films PiratesPRESSE Agn\u00e8s Chabot Sortie le 12 Mars 2003 SYNOPSIS Mimi n\u2019est pas une vedette c\u2019est quelqu\u2019un.J\u2019ai voulu faire un film de la vie de Mimi.De la vie de quelqu\u2019un, donc.M\u2019attacher le plus possible \u00e0 cette &hellip; <\/p>\n<p class=\"link-more\"><a href=\"http:\/\/clairesimon.fr\/fr_fr\/mimi\/\" class=\"more-link\">Continuer la lecture<span class=\"screen-reader-text\"> de &laquo;&nbsp;mimi&nbsp;&raquo;<\/span><\/a><\/p>\n","protected":false},"author":1,"featured_media":0,"parent":0,"menu_order":0,"comment_status":"closed","ping_status":"closed","template":"","meta":{"footnotes":""},"_links":{"self":[{"href":"http:\/\/clairesimon.fr\/fr_fr\/wp-json\/wp\/v2\/pages\/118"}],"collection":[{"href":"http:\/\/clairesimon.fr\/fr_fr\/wp-json\/wp\/v2\/pages"}],"about":[{"href":"http:\/\/clairesimon.fr\/fr_fr\/wp-json\/wp\/v2\/types\/page"}],"author":[{"embeddable":true,"href":"http:\/\/clairesimon.fr\/fr_fr\/wp-json\/wp\/v2\/users\/1"}],"replies":[{"embeddable":true,"href":"http:\/\/clairesimon.fr\/fr_fr\/wp-json\/wp\/v2\/comments?post=118"}],"version-history":[{"count":3,"href":"http:\/\/clairesimon.fr\/fr_fr\/wp-json\/wp\/v2\/pages\/118\/revisions"}],"predecessor-version":[{"id":205,"href":"http:\/\/clairesimon.fr\/fr_fr\/wp-json\/wp\/v2\/pages\/118\/revisions\/205"}],"wp:attachment":[{"href":"http:\/\/clairesimon.fr\/fr_fr\/wp-json\/wp\/v2\/media?parent=118"}],"curies":[{"name":"wp","href":"https:\/\/api.w.org\/{rel}","templated":true}]}}