{"id":123,"date":"2018-11-02T14:45:05","date_gmt":"2018-11-02T13:45:05","guid":{"rendered":"http:\/\/www.clairesimon.fr\/2018\/?page_id=123"},"modified":"2018-11-12T14:49:56","modified_gmt":"2018-11-12T13:49:56","slug":"coute","status":"publish","type":"page","link":"http:\/\/clairesimon.fr\/en\/coute\/","title":{"rendered":"co\u00fbte que co\u00fbte"},"content":{"rendered":"<div class=\"elementor elementor-123\">\n\t\t\t<div class=\"elementor-inner\">\n\t\t\t\t<div class=\"elementor-section-wrap\">\n\t\t\t\t\t\t\t<section data-id=\"2d37be55\" class=\"elementor-element elementor-element-2d37be55 elementor-section-boxed elementor-section-height-default elementor-section-height-default elementor-section elementor-top-section\" data-element_type=\"section\">\n\t\t\t\t\t\t<div class=\"elementor-container elementor-column-gap-default\">\n\t\t\t\t<div class=\"elementor-row\">\n\t\t\t\t<div data-id=\"5605aea7\" class=\"elementor-element elementor-element-5605aea7 elementor-column elementor-col-100 elementor-top-column\" data-element_type=\"column\">\n\t\t\t<div class=\"elementor-column-wrap elementor-element-populated\">\n\t\t\t\t\t<div class=\"elementor-widget-wrap\">\n\t\t\t\t<div data-id=\"6b76b404\" class=\"elementor-element elementor-element-6b76b404 elementor-widget elementor-widget-text-editor\" data-element_type=\"text-editor.default\">\n\t\t\t\t<div class=\"elementor-widget-container\">\n\t\t\t\t\t<div class=\"elementor-text-editor elementor-clearfix\"><p><img loading=\"lazy\" decoding=\"async\" class=\"alignnone size-full wp-image-126\" src=\"http:\/\/www.clairesimon.fr\/2018\/wp-content\/uploads\/2018\/11\/coute.jpg\" alt=\"\" width=\"606\" height=\"286\" srcset=\"http:\/\/clairesimon.fr\/wp-content\/uploads\/2018\/11\/coute.jpg 606w, http:\/\/clairesimon.fr\/wp-content\/uploads\/2018\/11\/coute-300x142.jpg 300w\" sizes=\"(max-width: 606px) 100vw, 606px\" \/><\/p><p>Documentaire 100 minutes<br \/>Les Films d&rsquo;Ici\/ Arte<\/p><p>Distribution: Rezo Films \/Europe images international\/Doriane films<br \/><a name=\"synopsis\"><\/a><br \/><strong>SYNOPSIS<\/strong><\/p><p>Produire co\u00fbte que co\u00fbte ! Sauver la bo\u00eete co\u00fbte que co\u00fbte!<br \/>M\u00eame si on n&rsquo;est pas pay\u00e9s tout de suite, continuer co\u00fbte que co\u00fbte!<br \/>Trouver de nouveaux clients co\u00fbte que co\u00fbte! De nouveaux fournisseurs co\u00fbte que co\u00fbte!<br \/>Le film raconte l&rsquo;histoire d&rsquo;une petite entreprise, toute jeune, o\u00f9 l&rsquo;on fabrique des plats cuisin\u00e9s pour les grandes surfaces. Le patron et les employ\u00e9s m\u00e8nent la guerre \u00e9conomique avec les moyens du bord.<br \/><a name=\"liste\"><\/a><br \/><strong>LISTE ARTISTIQUE ET TECHNIQUE<\/strong><\/p><p>Produit par Richard Copans et Serge Lalou<br \/>Cadre et r\u00e9alisation: Claire Simon<br \/>Lumi\u00e8re et point : J\u00e9r\u00f4me Peyrebrune, David Ungaro, Jacques Gayard<br \/>Son: Dominique Lancelot<br \/>Montage : Catherine Quesemand<br \/>Mixage: Jean Pierre Laforce<br \/>Musique originale Arthur H<br \/><a name=\"festivals\"><\/a><br \/><strong>FESTIVALS &amp; DISTRIBUTION<\/strong><\/p><p>Prix Louis Marcorelles festival du R\u00e9el \/ Grand prix du documentaire Festival de Potsdam 1995\/ Prix special du Jury des nouveaux medias de Montr\u00e9al 1995\u00a0<br \/>Grand prix du jury au Festival de Mulhouse \/ nomination Joris Ivens award IDFA 95 \/ \/ Mention Sp\u00e9ciale du jury pour le prix Europa\u00a0<br \/>Diffusion Arte Mars 95 \/\u00a0<br \/>Sortie nationale en salle de cin\u00e9ma en F\u00e9vrier 1996 \/ \u00c9dition vid\u00e9o 1999 ( Doriane films)<\/p><p><strong>PRESSE<\/strong><\/p><p><a href=\"http:\/\/www.clairesimon.fr\/PDF\/coute\/CQCCHumblotMondeTv.pdf\" target=\"_blank\" rel=\"noopener\">Le Monde TV<\/a><\/p><p><a href=\"http:\/\/www.clairesimon.fr\/PDF\/coute\/ITVCSIMONLemondeCQC.pdf\" target=\"_blank\" rel=\"noopener\">Le Monde &#8211; Interview<\/a><\/p><p><a href=\"http:\/\/www.clairesimon.fr\/PDF\/coute\/LemondePMerigeau.pdf\" target=\"_blank\" rel=\"noopener\">Le Monde &#8211; P. M\u00e9rigeau<\/a><\/p><p><a href=\"http:\/\/www.clairesimon.fr\/PDF\/coute\/LemondeTvCHumblot.pdf\" target=\"_blank\" rel=\"noopener\">Le Monde &#8211; C. Humblot<\/a><\/p><p><a href=\"http:\/\/www.clairesimon.fr\/PDF\/coute\/LibeEWaintrop.pdf\" target=\"_blank\" rel=\"noopener\">Lib\u00e9ration &#8211; E. Waintrop<\/a><\/p><p><a href=\"http:\/\/www.clairesimon.fr\/PDF\/coute\/LibeGLefortCQC.pdf\" target=\"_blank\" rel=\"noopener\">Lib\u00e9ration &#8211; G. Lefort<\/a><\/p><p><a href=\"http:\/\/www.clairesimon.fr\/PDF\/coute\/LibeOseguret.pdf\" target=\"_blank\" rel=\"noopener\">Lib\u00e9ration &#8211; O. S\u00e9guret<\/a><\/p><p><a href=\"http:\/\/www.clairesimon.fr\/PDF\/coute\/LibeSkorekiCoute.pdf\" target=\"_blank\" rel=\"noopener\">Lib\u00e9ration &#8211; Skoreki<\/a><\/p><p><a href=\"http:\/\/www.clairesimon.fr\/PDF\/coute\/PIAZZOMORICEtelerama.pdf\" target=\"_blank\" rel=\"noopener\">T\u00e9l\u00e9rama<\/a><\/p><p><a href=\"http:\/\/www.clairesimon.fr\/PDF\/coute\/texteJFGoyet.pdf\" target=\"_blank\" rel=\"noopener\">J.F. Goyet<\/a><\/p><\/div>\n\t\t\t\t<\/div>\n\t\t\t\t<\/div>\n\t\t\t\t\t\t<\/div>\n\t\t\t<\/div>\n\t\t<\/div>\n\t\t\t\t\t\t<\/div>\n\t\t\t<\/div>\n\t\t<\/section>\n\t\t\t\t\t\t<\/div>\n\t\t\t<\/div>\n\t\t<\/div>","protected":false},"excerpt":{"rendered":"<p>Documentaire 100 minutesLes Films d&rsquo;Ici\/ Arte Distribution: Rezo Films \/Europe images international\/Doriane filmsSYNOPSIS Produire co\u00fbte que co\u00fbte ! Sauver la bo\u00eete co\u00fbte que co\u00fbte!M\u00eame si on n&rsquo;est pas pay\u00e9s tout de suite, continuer co\u00fbte que co\u00fbte!Trouver de nouveaux clients co\u00fbte que co\u00fbte! De nouveaux fournisseurs co\u00fbte que co\u00fbte!Le film raconte l&rsquo;histoire d&rsquo;une petite entreprise, toute &hellip; <\/p>\n<p class=\"link-more\"><a href=\"http:\/\/clairesimon.fr\/en\/coute\/\" class=\"more-link\">Continue reading<span class=\"screen-reader-text\"> \u00ab\u00a0co\u00fbte que co\u00fbte\u00a0\u00bb<\/span><\/a><\/p>","protected":false},"author":1,"featured_media":0,"parent":0,"menu_order":0,"comment_status":"closed","ping_status":"closed","template":"","meta":{"footnotes":""},"_links":{"self":[{"href":"http:\/\/clairesimon.fr\/en\/wp-json\/wp\/v2\/pages\/123"}],"collection":[{"href":"http:\/\/clairesimon.fr\/en\/wp-json\/wp\/v2\/pages"}],"about":[{"href":"http:\/\/clairesimon.fr\/en\/wp-json\/wp\/v2\/types\/page"}],"author":[{"embeddable":true,"href":"http:\/\/clairesimon.fr\/en\/wp-json\/wp\/v2\/users\/1"}],"replies":[{"embeddable":true,"href":"http:\/\/clairesimon.fr\/en\/wp-json\/wp\/v2\/comments?post=123"}],"version-history":[{"count":4,"href":"http:\/\/clairesimon.fr\/en\/wp-json\/wp\/v2\/pages\/123\/revisions"}],"predecessor-version":[{"id":203,"href":"http:\/\/clairesimon.fr\/en\/wp-json\/wp\/v2\/pages\/123\/revisions\/203"}],"wp:attachment":[{"href":"http:\/\/clairesimon.fr\/en\/wp-json\/wp\/v2\/media?parent=123"}],"curies":[{"name":"wp","href":"https:\/\/api.w.org\/{rel}","templated":true}]}}