{"id":11,"date":"2018-10-22T11:13:22","date_gmt":"2018-10-22T09:13:22","guid":{"rendered":"http:\/\/www.clairesimon.fr\/2018\/?page_id=11"},"modified":"2018-11-15T16:48:51","modified_gmt":"2018-11-15T15:48:51","slug":"blog","status":"publish","type":"page","link":"http:\/\/clairesimon.fr\/en\/blog\/","title":{"rendered":"To read"},"content":{"rendered":"<div class=\"elementor elementor-11\">\n\t\t\t<div class=\"elementor-inner\">\n\t\t\t\t<div class=\"elementor-section-wrap\">\n\t\t\t\t\t\t\t<section data-id=\"024331e\" class=\"elementor-element elementor-element-024331e elementor-section-boxed elementor-section-height-default elementor-section-height-default elementor-section elementor-top-section\" data-element_type=\"section\">\n\t\t\t\t\t\t<div class=\"elementor-container elementor-column-gap-default\">\n\t\t\t\t<div class=\"elementor-row\">\n\t\t\t\t<div data-id=\"8f6437f\" class=\"elementor-element elementor-element-8f6437f elementor-column elementor-col-100 elementor-top-column\" data-element_type=\"column\">\n\t\t\t<div class=\"elementor-column-wrap elementor-element-populated\">\n\t\t\t\t\t<div class=\"elementor-widget-wrap\">\n\t\t\t\t<div data-id=\"377d92a\" class=\"elementor-element elementor-element-377d92a elementor-widget elementor-widget-text-editor\" data-element_type=\"text-editor.default\">\n\t\t\t\t<div class=\"elementor-widget-container\">\n\t\t\t\t\t<div class=\"elementor-text-editor elementor-clearfix\"><p><a href=\"http:\/\/clairesimon.fr\/wp-content\/uploads\/2024\/05\/Why-reality.pdf\" target=\"_blank\" rel=\"noopener\">Why reality?<\/a><\/p><p><a href=\"http:\/\/clairesimon.fr\/wp-content\/uploads\/2024\/05\/Lightfragment.pdf\" target=\"_blank\" rel=\"noopener\">Light Fragments for France Culture<\/a><\/p><p><a href=\"http:\/\/clairesimon.fr\/wp-content\/uploads\/2024\/05\/THE-AUTOMATIC-FICTION-OF-DOCUMENTARY.pdf\" target=\"_blank\" rel=\"noopener\">The automatic fiction of documentary \u2013 traffic1995<\/a><\/p><p><a href=\"http:\/\/clairesimon.fr\/wp-content\/uploads\/2024\/05\/OIL-PAINTING-AND-WATERCOLOURS.pdf\" target=\"_blank\" rel=\"noopener\">Water-based painting \u2013 manifesto<\/a><\/p><p><a href=\"http:\/\/clairesimon.fr\/wp-content\/uploads\/2024\/05\/CrossedPortraits.pdf\" target=\"_blank\" rel=\"noopener\">Crossed portraits Claire Simon \u2013 Annie Ernaux <\/a><\/p><p><a href=\"http:\/\/clairesimon.fr\/wp-content\/uploads\/2024\/05\/on-the-actors.pdf\" target=\"_blank\" rel=\"noopener\">On the actors \u2013 French Letters<\/a><\/p><\/div>\n\t\t\t\t<\/div>\n\t\t\t\t<\/div>\n\t\t\t\t\t\t<\/div>\n\t\t\t<\/div>\n\t\t<\/div>\n\t\t\t\t\t\t<\/div>\n\t\t\t<\/div>\n\t\t<\/section>\n\t\t\t\t\t\t<\/div>\n\t\t\t<\/div>\n\t\t<\/div>","protected":false},"excerpt":{"rendered":"<p>Pourquoi le r\u00e9el ? Fragments Lumi\u00e8re pour France Culture La fiction automatique du documentaire &#8211; traffic1995 La peinture \u00e0 l&rsquo;eau &#8211; manifeste Portraits crois\u00e9s Claire Simon &#8211; Annie Ernaux Sur les acteurs &#8211; Lettres Fran\u00e7aises<\/p>","protected":false},"author":1,"featured_media":53,"parent":0,"menu_order":0,"comment_status":"closed","ping_status":"closed","template":"","meta":{"footnotes":""},"_links":{"self":[{"href":"http:\/\/clairesimon.fr\/en\/wp-json\/wp\/v2\/pages\/11"}],"collection":[{"href":"http:\/\/clairesimon.fr\/en\/wp-json\/wp\/v2\/pages"}],"about":[{"href":"http:\/\/clairesimon.fr\/en\/wp-json\/wp\/v2\/types\/page"}],"author":[{"embeddable":true,"href":"http:\/\/clairesimon.fr\/en\/wp-json\/wp\/v2\/users\/1"}],"replies":[{"embeddable":true,"href":"http:\/\/clairesimon.fr\/en\/wp-json\/wp\/v2\/comments?post=11"}],"version-history":[{"count":6,"href":"http:\/\/clairesimon.fr\/en\/wp-json\/wp\/v2\/pages\/11\/revisions"}],"predecessor-version":[{"id":241,"href":"http:\/\/clairesimon.fr\/en\/wp-json\/wp\/v2\/pages\/11\/revisions\/241"}],"wp:featuredmedia":[{"embeddable":true,"href":"http:\/\/clairesimon.fr\/en\/wp-json\/wp\/v2\/media\/53"}],"wp:attachment":[{"href":"http:\/\/clairesimon.fr\/en\/wp-json\/wp\/v2\/media?parent=11"}],"curies":[{"name":"wp","href":"https:\/\/api.w.org\/{rel}","templated":true}]}}