{"id":107,"date":"2018-11-02T14:12:24","date_gmt":"2018-11-02T13:12:24","guid":{"rendered":"http:\/\/www.clairesimon.fr\/2018\/?page_id=107"},"modified":"2018-11-13T12:08:45","modified_gmt":"2018-11-13T11:08:45","slug":"bureaux","status":"publish","type":"page","link":"http:\/\/clairesimon.fr\/en\/bureaux\/","title":{"rendered":"les bureaux de Dieu"},"content":{"rendered":"<div class=\"elementor elementor-107\">\n\t\t\t<div class=\"elementor-inner\">\n\t\t\t\t<div class=\"elementor-section-wrap\">\n\t\t\t\t\t\t\t<section data-id=\"2d37be55\" class=\"elementor-element elementor-element-2d37be55 elementor-section-boxed elementor-section-height-default elementor-section-height-default elementor-section elementor-top-section\" data-element_type=\"section\">\n\t\t\t\t\t\t<div class=\"elementor-container elementor-column-gap-default\">\n\t\t\t\t<div class=\"elementor-row\">\n\t\t\t\t<div data-id=\"5605aea7\" class=\"elementor-element elementor-element-5605aea7 elementor-column elementor-col-100 elementor-top-column\" data-element_type=\"column\">\n\t\t\t<div class=\"elementor-column-wrap elementor-element-populated\">\n\t\t\t\t\t<div class=\"elementor-widget-wrap\">\n\t\t\t\t<div data-id=\"6b76b404\" class=\"elementor-element elementor-element-6b76b404 elementor-widget elementor-widget-text-editor\" data-element_type=\"text-editor.default\">\n\t\t\t\t<div class=\"elementor-widget-container\">\n\t\t\t\t\t<div class=\"elementor-text-editor elementor-clearfix\"><p><img loading=\"lazy\" decoding=\"async\" class=\"size-full wp-image-109 alignnone\" src=\"http:\/\/www.clairesimon.fr\/2018\/wp-content\/uploads\/2018\/11\/bureaux.jpeg\" alt=\"\" width=\"600\" height=\"254\" srcset=\"http:\/\/clairesimon.fr\/wp-content\/uploads\/2018\/11\/bureaux.jpeg 600w, http:\/\/clairesimon.fr\/wp-content\/uploads\/2018\/11\/bureaux-300x127.jpeg 300w\" sizes=\"(max-width: 600px) 100vw, 600px\" \/>Produit par Richard Copans<br \/>une coproduction franco belge<br \/>Les Films d\u2019Ici Cin\u00e9-@ La Parti Production<br \/>122 minutes Scope Dolby st\u00e9reo<br \/>2008<\/p><p>Sortie nationale novembre 2008<br \/><a name=\"synopsis\"><\/a><br \/><strong>SYNOPSIS<\/strong><\/p><p>Djamila aimerait prendre la pilule parce que maintenant avec son copain c\u2019est devenu s\u00e9rieux, La m\u00e8re de Zo\u00e9 lui donne des pr\u00e9servatifs mais elle la traite de pute, Nedjma cache ses pilules au dehors, car sa m\u00e8re fouille dans son sac, H\u00e9l\u00e8ne se trouve trop f\u00e9conde, Cl\u00e9mence a peur , Adeline aurait aim\u00e9 le garder, Margot aussi. Maria Angela aimerait savoir de qui elle est enceinte, Ana Maria a choisi l\u2019amour et la libert\u00e9.\u00a0<br \/>Denise, Anne, Marta ,Yasmine, Milena sont les conseill\u00e8res qui re\u00e7oivent, \u00e9coutent chacune se demander, comment leur libert\u00e9 sexuelle est possible.\u00a0<br \/>Djamila would like to be on the pill because her relationship with her boyfriend has become serious; Zoe \u2018s mother gives her condoms but calls her daughter a whore;Helene complaints about being too fertile; Nedjma hides her pills from home because her mother searches her bag ; Adeline wishes  she could have kept it, so does Margot. Maria Angela would like to know who she\u2019s pregnant from,while Ana Maria has chosen love and freedom. The advisers are played by very famous actresses. They listen to each patient of the family planning, they wonder how to cope with sexual freedom.\nIn God\u2019s offices you laugh and cry and feel swamped.<br \/><a name=\"liste\"><\/a><br \/><strong>LISTE ARTISTIQUE ET TECHNIQUE<\/strong><\/p><p>Dr Marianne : Anne ALVARO<br \/>Anne : Nathalie BAYE<br \/>Dr Lambert : Michel BOUJENAH<br \/>Yasmine : Rachida BRAKNI<br \/>Marta : Isabelle CARRE<br \/>Emmanuelle : Lolita CHAMMAH<br \/>Milena : B\u00e9atrice DALLE<br \/>Denise : Nicole GARCIA<br \/>Martine : Marie LAFORET<br \/>Marceline : Marceline LORIDAN-IVENS<br \/>Pierre : Emmanuel MOURET<\/p><p>Et pour la premi\u00e8re fois \u00e0 l\u2019\u00e9cran<\/p><p>L\u2019italienne : Loredana ACQUAVIVA<br \/>La barmaid : Caroline BENNEQUIN<br \/>La m\u00e8re portugaise : Isabel COELHO<br \/>La jeune fille d\u2019origine alg\u00e9rienne : Mounia DAHOU<br \/>La jeune fille qui cache ses pilules : Amel DELEU<br \/>La jeune fille trop f\u00e9conde : Rachelle KANGA<br \/>La jeune fille qui a peur des piq\u00fbres : Celine MANE<br \/>La jeune fille au collier de perles : Alice NIAY<br \/>La prostitu\u00e9e bulgare : Tania PETROVNA<br \/>La jeune fille en couple : Aur\u00e9lie PONTI<br \/>La jeune fille qui d\u00e9teste sa m\u00e8re : Zara PRASSINOT<br \/>La jeune femme sortie de l\u2019h\u00f4pital psychiatrique : Evelyne TISSIER<br \/>La femme aux raisons professionnelles : Laure TOGNINI<\/p><p><strong>Liste technique<\/strong><br \/>R\u00e9alisation, sc\u00e9nario, cadre : Claire SIMON\u00a0<br \/>Co sc\u00e9naristes : Natalia RODRIGUEZ<br \/>Nad\u00e8ge TREBAL<br \/>Directeur de casting : St\u00e9phane BATUT\u00a0<br \/>1\u00e8re assistante \u00e0 la r\u00e9alisation : Shirel AMITAY<br \/>Directeur de la photographie : Philippe VAN LEEUW<br \/>Ing\u00e9nieur du son : Olivier HESPEL<br \/>Chef d\u00e9corateur : Raymond SARTI<br \/>Chef costumi\u00e8re : Nathalie RAOUL<br \/>Chef monteur : Julien LACHERAY<br \/>Mixeur : Mathieu COX<br \/>Directrice de production : Nelly MABILAT<br \/>Musique originale : Arthur SIMON<\/p><p>Une coproduction Les Films d\u2019Ici -Richard COPANS<br \/>Cin\u00e9-@ Philippe CARCASSONNE<br \/>La Parti Production Philippe KAUFFMANN<br \/>Guillaume MALANDRIN<\/p><p>avec la participation de CANAL+<br \/>CINECINEMA<br \/>n\u00b0visa 117 917\u00a0<br \/><a name=\"festivals\"><\/a><br \/><strong>FESTIVALS &amp; DISTRIBUTION<\/strong><\/p><p>S\u00e9lection \u00e0 la Quinzaine des r\u00e9alisateurs \u00e0 Cannes 2008<\/p><p>Distribution\u00a0<br \/>SHELLAC\u00a0<br \/>40 rue de Paradis\u00a0<br \/>75010 Paris\u00a0<br \/>t\u00e9l : 01 42 55 07 84\u00a0<br \/>shellac@altern.org<\/p><p><strong>PRESSE<\/strong><\/p><p><a href=\"http:\/\/www.clairesimon.fr\/PDF\/bureaux\/LesBureauxdeDieuTeleramafr.pdf\" target=\"_blank\" rel=\"noopener\">T\u00e9l\u00e9rama<\/a><\/p><p><a href=\"http:\/\/www.clairesimon.fr\/PDF\/bureaux\/textedAnnieErnaux.pdf\" target=\"_blank\" rel=\"noopener\">A. Ernaux<\/a><\/p><\/div>\n\t\t\t\t<\/div>\n\t\t\t\t<\/div>\n\t\t\t\t\t\t<\/div>\n\t\t\t<\/div>\n\t\t<\/div>\n\t\t\t\t\t\t<\/div>\n\t\t\t<\/div>\n\t\t<\/section>\n\t\t\t\t\t\t<\/div>\n\t\t\t<\/div>\n\t\t<\/div>","protected":false},"excerpt":{"rendered":"<p>Produit par Richard Copans une coproduction franco belge Les Films d\u2019Ici Cin\u00e9-@ La Parti Production 122 minutes Scope Dolby st\u00e9reo 2008 Sortie nationale novembre 2008 SYNOPSIS Djamila aimerait prendre la pilule parce que maintenant avec son copain c\u2019est devenu s\u00e9rieux, La m\u00e8re de Zo\u00e9 lui donne des pr\u00e9servatifs mais elle la traite de pute, Nedjma &hellip; <\/p>\n<p class=\"link-more\"><a href=\"http:\/\/clairesimon.fr\/en\/bureaux\/\" class=\"more-link\">Continue reading<span class=\"screen-reader-text\"> \u00ab\u00a0les bureaux de Dieu\u00a0\u00bb<\/span><\/a><\/p>","protected":false},"author":1,"featured_media":0,"parent":0,"menu_order":0,"comment_status":"closed","ping_status":"closed","template":"","meta":{"footnotes":""},"_links":{"self":[{"href":"http:\/\/clairesimon.fr\/en\/wp-json\/wp\/v2\/pages\/107"}],"collection":[{"href":"http:\/\/clairesimon.fr\/en\/wp-json\/wp\/v2\/pages"}],"about":[{"href":"http:\/\/clairesimon.fr\/en\/wp-json\/wp\/v2\/types\/page"}],"author":[{"embeddable":true,"href":"http:\/\/clairesimon.fr\/en\/wp-json\/wp\/v2\/users\/1"}],"replies":[{"embeddable":true,"href":"http:\/\/clairesimon.fr\/en\/wp-json\/wp\/v2\/comments?post=107"}],"version-history":[{"count":5,"href":"http:\/\/clairesimon.fr\/en\/wp-json\/wp\/v2\/pages\/107\/revisions"}],"predecessor-version":[{"id":223,"href":"http:\/\/clairesimon.fr\/en\/wp-json\/wp\/v2\/pages\/107\/revisions\/223"}],"wp:attachment":[{"href":"http:\/\/clairesimon.fr\/en\/wp-json\/wp\/v2\/media?parent=107"}],"curies":[{"name":"wp","href":"https:\/\/api.w.org\/{rel}","templated":true}]}}